{"id":140593,"date":"2024-12-06T16:39:23","date_gmt":"2024-12-07T11:05:07","guid":{"rendered":"https:\/\/kingarms.ee\/product\/dekorativais-zobens-zs170\/"},"modified":"2025-08-02T15:23:35","modified_gmt":"2025-08-02T12:23:35","slug":"dekorativais-varda-zs170","status":"publish","type":"product","link":"https:\/\/kingarms.ee\/lv\/product\/dekorativais-varda-zs170\/","title":{"rendered":"Dekorat\u012bvais zobens (ZS170)"},"content":{"rendered":"<p>Dekorat\u012bvais zobens (ZS170)<\/p>\n<p>Dekorat\u012bvais zobens<br \/>\nIedvesmojoties no Orkrista, Thorin Oakenshield zobens<br \/>\nS\u0113rija Hobits<br \/>\nT\u0113rauda asmens<br \/>\nKoka rokturis<br \/>\nMet\u0101la aizsargs un poga<br \/>\nKoka sienas stat\u012bva ir iek\u013cauta<br \/>\nKop\u0113jais garums 990mm<br \/>\nAsmens garums 760mm<br \/>\nSvars 1605g<\/p>\n<p>Nav asin\u0101ts un neass asmens, tikai dekorat\u012bviem nol\u016bkiem<\/p>\n","protected":false},"excerpt":{"rendered":"<p>Dekorat\u012bvais zobens (ZS170) Dekorat\u012bvais zobens Iedvesmojoties no Orkrista, Thorin Oakenshield zobens S\u0113rija Hobits T\u0113rauda asmens Koka rokturis Met\u0101la aizsargs un<\/p>\n","protected":false},"featured_media":139284,"template":"","meta":{"_acf_changed":false},"product_brand":[],"product_cat":[1105,1311],"product_tag":[],"class_list":{"0":"post-140593","1":"product","2":"type-product","3":"status-publish","4":"has-post-thumbnail","6":"product_cat-cits","7":"product_cat-zobeni","9":"first","10":"instock","11":"purchasable","12":"product-type-simple"},"acf":[],"_links":{"self":[{"href":"https:\/\/kingarms.ee\/lv\/wp-json\/wp\/v2\/product\/140593","targetHints":{"allow":["GET"]}}],"collection":[{"href":"https:\/\/kingarms.ee\/lv\/wp-json\/wp\/v2\/product"}],"about":[{"href":"https:\/\/kingarms.ee\/lv\/wp-json\/wp\/v2\/types\/product"}],"wp:featuredmedia":[{"embeddable":true,"href":"https:\/\/kingarms.ee\/lv\/wp-json\/wp\/v2\/media\/139284"}],"wp:attachment":[{"href":"https:\/\/kingarms.ee\/lv\/wp-json\/wp\/v2\/media?parent=140593"}],"wp:term":[{"taxonomy":"product_brand","embeddable":true,"href":"https:\/\/kingarms.ee\/lv\/wp-json\/wp\/v2\/product_brand?post=140593"},{"taxonomy":"product_cat","embeddable":true,"href":"https:\/\/kingarms.ee\/lv\/wp-json\/wp\/v2\/product_cat?post=140593"},{"taxonomy":"product_tag","embeddable":true,"href":"https:\/\/kingarms.ee\/lv\/wp-json\/wp\/v2\/product_tag?post=140593"}],"curies":[{"name":"wp","href":"https:\/\/api.w.org\/{rel}","templated":true}]}}