{"id":140596,"date":"2024-12-06T16:39:23","date_gmt":"2024-12-07T11:22:01","guid":{"rendered":"https:\/\/kingarms.ee\/product\/dekorativa-fantazijas-zobens-ar-iegravetu-asmeni-033cu\/"},"modified":"2025-08-02T15:24:24","modified_gmt":"2025-08-02T12:24:24","slug":"dekorativa-fantasy-sword-with-graved-as-033cu","status":"publish","type":"product","link":"https:\/\/kingarms.ee\/lv\/product\/dekorativa-fantasy-sword-with-graved-as-033cu\/","title":{"rendered":"Dekorat\u012bv\u0101 fant\u0101zijas zobens ar iegrav\u0113tu asmeni (033cu)"},"content":{"rendered":"<p>Dekorat\u012bv\u0101 fant\u0101zijas zobens ar iegrav\u0113tu asmeni (033cu)<\/p>\n<p>Dekorat\u012bv\u0101 fant\u0101zijas zobens<br \/>\nAsmens ar grav\u0113jumiem<br \/>\nIedvesmojoties no Narsila Aragonas zobena no Gredzenu pav\u0113lnieka<br \/>\nT\u0113rauda asmens<br \/>\nKoka \u0161\u0137embas, kas p\u0101rkl\u0101ta ar \u0101du ar met\u0101la deta\u013c\u0101m<br \/>\nMet\u0101la kalna ar da\u013cu, kas p\u0101rkl\u0101ta ar \u0101das<br \/>\nKop\u0113jais garums 119cm (130 cm ar Scabbard)<br \/>\nAsmens garums 90cm<br \/>\nSvars 1750g (ar Scabard 2450g)<\/p>\n<p>Nav asin\u0101ts un neass asmens, tikai dekorat\u012bviem nol\u016bkiem<\/p>\n","protected":false},"excerpt":{"rendered":"<p>Dekorat\u012bv\u0101 fant\u0101zijas zobens ar iegrav\u0113tu asmeni (033cu) Dekorat\u012bv\u0101 fant\u0101zijas zobens Asmens ar grav\u0113jumiem Iedvesmojoties no Narsila Aragonas zobena no Gredzenu<\/p>\n","protected":false},"featured_media":138804,"template":"","meta":{"_acf_changed":false},"product_brand":[],"product_cat":[1105,1311],"product_tag":[],"class_list":{"0":"post-140596","1":"product","2":"type-product","3":"status-publish","4":"has-post-thumbnail","6":"product_cat-cits","7":"product_cat-zobeni","9":"first","10":"instock","11":"purchasable","12":"product-type-simple"},"acf":[],"_links":{"self":[{"href":"https:\/\/kingarms.ee\/lv\/wp-json\/wp\/v2\/product\/140596","targetHints":{"allow":["GET"]}}],"collection":[{"href":"https:\/\/kingarms.ee\/lv\/wp-json\/wp\/v2\/product"}],"about":[{"href":"https:\/\/kingarms.ee\/lv\/wp-json\/wp\/v2\/types\/product"}],"wp:featuredmedia":[{"embeddable":true,"href":"https:\/\/kingarms.ee\/lv\/wp-json\/wp\/v2\/media\/138804"}],"wp:attachment":[{"href":"https:\/\/kingarms.ee\/lv\/wp-json\/wp\/v2\/media?parent=140596"}],"wp:term":[{"taxonomy":"product_brand","embeddable":true,"href":"https:\/\/kingarms.ee\/lv\/wp-json\/wp\/v2\/product_brand?post=140596"},{"taxonomy":"product_cat","embeddable":true,"href":"https:\/\/kingarms.ee\/lv\/wp-json\/wp\/v2\/product_cat?post=140596"},{"taxonomy":"product_tag","embeddable":true,"href":"https:\/\/kingarms.ee\/lv\/wp-json\/wp\/v2\/product_tag?post=140596"}],"curies":[{"name":"wp","href":"https:\/\/api.w.org\/{rel}","templated":true}]}}