{"id":140598,"date":"2024-12-06T16:39:23","date_gmt":"2024-12-07T11:27:36","guid":{"rendered":"https:\/\/kingarms.ee\/product\/dekorativais-zobens-by-053cu\/"},"modified":"2025-08-02T15:25:12","modified_gmt":"2025-08-02T12:25:12","slug":"dekorals-sword-by-053cu","status":"publish","type":"product","link":"https:\/\/kingarms.ee\/lv\/product\/dekorals-sword-by-053cu\/","title":{"rendered":"Dekorat\u012bvais zobens (by-053cu)"},"content":{"rendered":"<p>Dekorat\u012bvais zobens (by-053cu)<\/p>\n<p>Dekorat\u012bvais zobens<br \/>\nIedvesmojoties no Baliano zobena no Debesu kara\u013cvalsts filmas<br \/>\nT\u0113rauda asmens<br \/>\nPlastmasas kalna ar met\u0101la deta\u013c\u0101m<br \/>\n\u0100das p\u0101rkl\u0101ta plastmasas \u0137eblis ar met\u0101la deta\u013c\u0101m<br \/>\nKop\u0113jais garums 1147 mm (1165 mm ar \u0137abi)<br \/>\nL\u0101psti\u0146as garums 90mm<br \/>\nSvars 1145G (1515G ar \u0137abis)<\/p>\n<p>Neass un nav asin\u0101ts asmens, tikai dekorat\u012bviem nol\u016bkiem<\/p>\n","protected":false},"excerpt":{"rendered":"<p>Dekorat\u012bvais zobens (by-053cu) Dekorat\u012bvais zobens Iedvesmojoties no Baliano zobena no Debesu kara\u013cvalsts filmas T\u0113rauda asmens Plastmasas kalna ar met\u0101la deta\u013c\u0101m<\/p>\n","protected":false},"featured_media":138870,"template":"","meta":{"_acf_changed":false},"product_brand":[],"product_cat":[1105,1311],"product_tag":[],"class_list":{"0":"post-140598","1":"product","2":"type-product","3":"status-publish","4":"has-post-thumbnail","6":"product_cat-cits","7":"product_cat-zobeni","9":"first","10":"instock","11":"purchasable","12":"product-type-simple"},"acf":[],"_links":{"self":[{"href":"https:\/\/kingarms.ee\/lv\/wp-json\/wp\/v2\/product\/140598","targetHints":{"allow":["GET"]}}],"collection":[{"href":"https:\/\/kingarms.ee\/lv\/wp-json\/wp\/v2\/product"}],"about":[{"href":"https:\/\/kingarms.ee\/lv\/wp-json\/wp\/v2\/types\/product"}],"wp:featuredmedia":[{"embeddable":true,"href":"https:\/\/kingarms.ee\/lv\/wp-json\/wp\/v2\/media\/138870"}],"wp:attachment":[{"href":"https:\/\/kingarms.ee\/lv\/wp-json\/wp\/v2\/media?parent=140598"}],"wp:term":[{"taxonomy":"product_brand","embeddable":true,"href":"https:\/\/kingarms.ee\/lv\/wp-json\/wp\/v2\/product_brand?post=140598"},{"taxonomy":"product_cat","embeddable":true,"href":"https:\/\/kingarms.ee\/lv\/wp-json\/wp\/v2\/product_cat?post=140598"},{"taxonomy":"product_tag","embeddable":true,"href":"https:\/\/kingarms.ee\/lv\/wp-json\/wp\/v2\/product_tag?post=140598"}],"curies":[{"name":"wp","href":"https:\/\/api.w.org\/{rel}","templated":true}]}}