{"id":140600,"date":"2024-12-06T16:39:23","date_gmt":"2024-12-07T11:46:53","guid":{"rendered":"https:\/\/kingarms.ee\/product\/dekorativais-zobens-zs122\/"},"modified":"2025-08-02T15:25:59","modified_gmt":"2025-08-02T12:25:59","slug":"ornamental-sword-zs122","status":"publish","type":"product","link":"https:\/\/kingarms.ee\/lv\/product\/ornamental-sword-zs122\/","title":{"rendered":"Dekorat\u012bvais zobens (ZS122)"},"content":{"rendered":"<p>Dekorat\u012bvais zobens (ZS122)<\/p>\n<p>DEKORAT\u012aVAIS ZOBENS<br \/>\nIEDVESMOJOTIES NO THORIN OAKENSHIELD ZOBENA<br \/>\nHOBITA S\u0112RIJA<br \/>\nT\u0112RAUDA ASMENS<br \/>\nMET\u0100LA ROKTURIS, AIZSARGS UN POGA<br \/>\nIEK\u013bAUTS KOKA SIENAS STAT\u012aVS<br \/>\nAsmens garums 420mm<br \/>\nKop\u0113jais garums 600mm<br \/>\nSvars 895g<\/p>\n<p>Nav asin\u0101ts un neass asmens, tikai dekorat\u012bviem nol\u016bkiem<\/p>\n","protected":false},"excerpt":{"rendered":"<p>Dekorat\u012bvais zobens (ZS122)<\/p>\n<p>DEKORAT\u012aVAIS ZOBENS<br \/>\nIEDVESMOJOTIES NAV THORIN OAKENSHIELD ZOBENA<br \/>\nHOBITA S\u0112RIJA<br \/>\nTERAUDA ASMENS<br \/>\nMET\u0100LA ROKTURIS, AIZSARGS UN POGA<br \/>\nIECAVAS KOKA SIENAS STAT\u012aVS<br \/>\nAsmens garums420mm<br \/>\nKop\u0113jais garums600mm<br \/>\nSvars 895g<\/p>\n<p>Nav asin\u0101ts un neass asmens, tikai dekorat\u012bviem nol\u016bkiem<\/p>\n","protected":false},"featured_media":139188,"template":"","meta":{"_acf_changed":false},"product_brand":[],"product_cat":[1105,1311],"product_tag":[],"class_list":{"0":"post-140600","1":"product","2":"type-product","3":"status-publish","4":"has-post-thumbnail","6":"product_cat-cits","7":"product_cat-zobeni","9":"first","10":"instock","11":"purchasable","12":"product-type-simple"},"acf":[],"_links":{"self":[{"href":"https:\/\/kingarms.ee\/lv\/wp-json\/wp\/v2\/product\/140600","targetHints":{"allow":["GET"]}}],"collection":[{"href":"https:\/\/kingarms.ee\/lv\/wp-json\/wp\/v2\/product"}],"about":[{"href":"https:\/\/kingarms.ee\/lv\/wp-json\/wp\/v2\/types\/product"}],"wp:featuredmedia":[{"embeddable":true,"href":"https:\/\/kingarms.ee\/lv\/wp-json\/wp\/v2\/media\/139188"}],"wp:attachment":[{"href":"https:\/\/kingarms.ee\/lv\/wp-json\/wp\/v2\/media?parent=140600"}],"wp:term":[{"taxonomy":"product_brand","embeddable":true,"href":"https:\/\/kingarms.ee\/lv\/wp-json\/wp\/v2\/product_brand?post=140600"},{"taxonomy":"product_cat","embeddable":true,"href":"https:\/\/kingarms.ee\/lv\/wp-json\/wp\/v2\/product_cat?post=140600"},{"taxonomy":"product_tag","embeddable":true,"href":"https:\/\/kingarms.ee\/lv\/wp-json\/wp\/v2\/product_tag?post=140600"}],"curies":[{"name":"wp","href":"https:\/\/api.w.org\/{rel}","templated":true}]}}