{"id":140601,"date":"2024-12-06T16:39:23","date_gmt":"2024-12-07T11:46:54","guid":{"rendered":"https:\/\/kingarms.ee\/product\/dekorativais-zobens-zs120\/"},"modified":"2025-08-02T15:26:49","modified_gmt":"2025-08-02T12:26:49","slug":"ornamental-word-zs120","status":"publish","type":"product","link":"https:\/\/kingarms.ee\/lv\/product\/ornamental-word-zs120\/","title":{"rendered":"Dekorat\u012bvais zobens (ZS120)"},"content":{"rendered":"<p>Dekorat\u012bvais zobens (ZS120)<\/p>\n<p>Dekorat\u012bv\u0101 fant\u0101zijas zobens<br \/>\nIedvesmojoties no Hadhafanga zobena no Arwen<br \/>\nGredzenu pav\u0113lnieks s\u0113rija<br \/>\nT\u0113rauda asmens<br \/>\nKoka rokturis<br \/>\nMet\u0101la poga<br \/>\nKoka kraupis ar \u0101das segumu un met\u0101la apdari<br \/>\nAsmens garums 750 mm<br \/>\nKop\u0113jais garums 970 mm (1010 mm ar \u0137abi)<br \/>\nSvars 865G (1295G ar Scabbard)<\/p>\n<p>Nav asin\u0101ts un neass asmens, tikai dekorat\u012bviem nol\u016bkiem<\/p>\n","protected":false},"excerpt":{"rendered":"<p>Dekorat\u012bvais zobens (ZS120) Dekorat\u012bv\u0101 fant\u0101zijas zobens Iedvesmojoties no Hadhafanga zobena no Arwen Gredzenu pav\u0113lnieks s\u0113rija T\u0113rauda asmens Koka rokturis Met\u0101la<\/p>\n","protected":false},"featured_media":139176,"template":"","meta":{"_acf_changed":false},"product_brand":[],"product_cat":[1105,1311],"product_tag":[],"class_list":{"0":"post-140601","1":"product","2":"type-product","3":"status-publish","4":"has-post-thumbnail","6":"product_cat-cits","7":"product_cat-zobeni","9":"first","10":"instock","11":"purchasable","12":"product-type-simple"},"acf":[],"_links":{"self":[{"href":"https:\/\/kingarms.ee\/lv\/wp-json\/wp\/v2\/product\/140601","targetHints":{"allow":["GET"]}}],"collection":[{"href":"https:\/\/kingarms.ee\/lv\/wp-json\/wp\/v2\/product"}],"about":[{"href":"https:\/\/kingarms.ee\/lv\/wp-json\/wp\/v2\/types\/product"}],"wp:featuredmedia":[{"embeddable":true,"href":"https:\/\/kingarms.ee\/lv\/wp-json\/wp\/v2\/media\/139176"}],"wp:attachment":[{"href":"https:\/\/kingarms.ee\/lv\/wp-json\/wp\/v2\/media?parent=140601"}],"wp:term":[{"taxonomy":"product_brand","embeddable":true,"href":"https:\/\/kingarms.ee\/lv\/wp-json\/wp\/v2\/product_brand?post=140601"},{"taxonomy":"product_cat","embeddable":true,"href":"https:\/\/kingarms.ee\/lv\/wp-json\/wp\/v2\/product_cat?post=140601"},{"taxonomy":"product_tag","embeddable":true,"href":"https:\/\/kingarms.ee\/lv\/wp-json\/wp\/v2\/product_tag?post=140601"}],"curies":[{"name":"wp","href":"https:\/\/api.w.org\/{rel}","templated":true}]}}