{"id":140619,"date":"2024-12-06T16:39:23","date_gmt":"2024-12-07T11:51:03","guid":{"rendered":"https:\/\/kingarms.ee\/product\/mini-dekorativas-fantazijas-para-zobeni-zs678-2-mini\/"},"modified":"2025-08-02T15:27:37","modified_gmt":"2025-08-02T12:27:37","slug":"mini-ornamentalie-fantasy-pari-swords-zs678-2-mini","status":"publish","type":"product","link":"https:\/\/kingarms.ee\/lv\/product\/mini-ornamentalie-fantasy-pari-swords-zs678-2-mini\/","title":{"rendered":"Mini dekorat\u012bv\u0101s fant\u0101zijas p\u0101ra zobeni (ZS678-2-Mini)"},"content":{"rendered":"<p>Mini dekorat\u012bv\u0101s fant\u0101zijas p\u0101ra zobeni (ZS678-2-Mini)<\/p>\n<p>Mini dekorat\u012bv\u0101s fant\u0101zijas p\u0101ra zobeni<br \/>\nIedvesmojoties no Tengen Uzui zobeniem<br \/>\nAnime s\u0113rija Demon Slayer: Kimetsu no Yaiba<br \/>\nT\u0113rauda asmens<br \/>\nPlastisk\u0101 aizsargs un poga<br \/>\nMet\u0101la \u0137\u0113de<br \/>\nKoka rokturis<br \/>\nLeterete smaci\u0146a<br \/>\nAsmens garums 270mm<br \/>\nKop\u0113jais garums 420 mm<br \/>\nKop\u0113jais svars 505G (630 g ar \u0137abi)<\/p>\n<p>Neass un nav asin\u0101ts asmens, tikai dekorat\u012bviem nol\u016bkiem<\/p>\n","protected":false},"excerpt":{"rendered":"<p>Mini dekorat\u012bv\u0101s fant\u0101zijas p\u0101ra zobeni (ZS678-2-Mini) Mini dekorat\u012bv\u0101s fant\u0101zijas p\u0101ra zobeni Iedvesmojoties no Tengen Uzui zobeniem Anime s\u0113rija Demon Slayer:<\/p>\n","protected":false},"featured_media":139614,"template":"","meta":{"_acf_changed":false},"product_brand":[],"product_cat":[1105,1311],"product_tag":[],"class_list":{"0":"post-140619","1":"product","2":"type-product","3":"status-publish","4":"has-post-thumbnail","6":"product_cat-cits","7":"product_cat-zobeni","9":"first","10":"instock","11":"purchasable","12":"product-type-simple"},"acf":[],"_links":{"self":[{"href":"https:\/\/kingarms.ee\/lv\/wp-json\/wp\/v2\/product\/140619","targetHints":{"allow":["GET"]}}],"collection":[{"href":"https:\/\/kingarms.ee\/lv\/wp-json\/wp\/v2\/product"}],"about":[{"href":"https:\/\/kingarms.ee\/lv\/wp-json\/wp\/v2\/types\/product"}],"wp:featuredmedia":[{"embeddable":true,"href":"https:\/\/kingarms.ee\/lv\/wp-json\/wp\/v2\/media\/139614"}],"wp:attachment":[{"href":"https:\/\/kingarms.ee\/lv\/wp-json\/wp\/v2\/media?parent=140619"}],"wp:term":[{"taxonomy":"product_brand","embeddable":true,"href":"https:\/\/kingarms.ee\/lv\/wp-json\/wp\/v2\/product_brand?post=140619"},{"taxonomy":"product_cat","embeddable":true,"href":"https:\/\/kingarms.ee\/lv\/wp-json\/wp\/v2\/product_cat?post=140619"},{"taxonomy":"product_tag","embeddable":true,"href":"https:\/\/kingarms.ee\/lv\/wp-json\/wp\/v2\/product_tag?post=140619"}],"curies":[{"name":"wp","href":"https:\/\/api.w.org\/{rel}","templated":true}]}}