{"id":140634,"date":"2024-12-06T16:39:23","date_gmt":"2024-12-07T11:51:06","guid":{"rendered":"https:\/\/kingarms.ee\/product\/dekorativa-fantazijas-zobens-033cs\/"},"modified":"2025-08-02T15:29:13","modified_gmt":"2025-08-02T12:29:13","slug":"dekorativas-fantazijas-varda-033cs","status":"publish","type":"product","link":"https:\/\/kingarms.ee\/lv\/product\/dekorativas-fantazijas-varda-033cs\/","title":{"rendered":"Dekorat\u012bv\u0101 fant\u0101zijas zobens (033CS)"},"content":{"rendered":"<p>Dekorat\u012bv\u0101 fant\u0101zijas zobens (033CS)<\/p>\n<p>Dekorat\u012bv\u0101 fant\u0101zijas zobens<br \/>\nIedvesmojoties no Andurila Aragonas zobena no Gredzenu pav\u0113lnieka<br \/>\nT\u0113rauda asmens<br \/>\nMet\u0101la un plastmasas kalna<br \/>\nKoka sienas stat\u012bva ir iek\u013cauta<br \/>\nAsmens garums 110cm<br \/>\nKop\u0113jais garums 132cm<br \/>\nStat\u012bva izm\u0113ri 43cm x 22cm x 1,7cm (svars 790 g)<br \/>\nSvars 1900g<\/p>\n<p>Nav asin\u0101ts un neass asmens, tikai dekorat\u012bviem nol\u016bkiem<\/p>\n","protected":false},"excerpt":{"rendered":"<p>Dekorat\u012bv\u0101 fant\u0101zijas zobens (033CS) Dekorat\u012bv\u0101 fant\u0101zijas zobens Iedvesmojoties no Andurila Aragonas zobena no Gredzenu pav\u0113lnieka T\u0113rauda asmens Met\u0101la un plastmasas<\/p>\n","protected":false},"featured_media":138798,"template":"","meta":{"_acf_changed":false},"product_brand":[],"product_cat":[1105,1311],"product_tag":[],"class_list":{"0":"post-140634","1":"product","2":"type-product","3":"status-publish","4":"has-post-thumbnail","6":"product_cat-cits","7":"product_cat-zobeni","9":"first","10":"instock","11":"purchasable","12":"product-type-simple"},"acf":[],"_links":{"self":[{"href":"https:\/\/kingarms.ee\/lv\/wp-json\/wp\/v2\/product\/140634","targetHints":{"allow":["GET"]}}],"collection":[{"href":"https:\/\/kingarms.ee\/lv\/wp-json\/wp\/v2\/product"}],"about":[{"href":"https:\/\/kingarms.ee\/lv\/wp-json\/wp\/v2\/types\/product"}],"wp:featuredmedia":[{"embeddable":true,"href":"https:\/\/kingarms.ee\/lv\/wp-json\/wp\/v2\/media\/138798"}],"wp:attachment":[{"href":"https:\/\/kingarms.ee\/lv\/wp-json\/wp\/v2\/media?parent=140634"}],"wp:term":[{"taxonomy":"product_brand","embeddable":true,"href":"https:\/\/kingarms.ee\/lv\/wp-json\/wp\/v2\/product_brand?post=140634"},{"taxonomy":"product_cat","embeddable":true,"href":"https:\/\/kingarms.ee\/lv\/wp-json\/wp\/v2\/product_cat?post=140634"},{"taxonomy":"product_tag","embeddable":true,"href":"https:\/\/kingarms.ee\/lv\/wp-json\/wp\/v2\/product_tag?post=140634"}],"curies":[{"name":"wp","href":"https:\/\/api.w.org\/{rel}","templated":true}]}}