{"id":140639,"date":"2024-12-06T16:39:23","date_gmt":"2024-12-07T11:54:08","guid":{"rendered":"https:\/\/kingarms.ee\/product\/dekorativa-fantazijas-zobens-zs-9495b\/"},"modified":"2025-08-02T15:30:54","modified_gmt":"2025-08-02T12:30:54","slug":"dekorativa-fantazija-varda-zs-9495b","status":"publish","type":"product","link":"https:\/\/kingarms.ee\/lv\/product\/dekorativa-fantazija-varda-zs-9495b\/","title":{"rendered":"Dekorat\u012bv\u0101 fant\u0101zijas zobens (ZS-9495b)"},"content":{"rendered":"<p>Dekorat\u012bv\u0101 fant\u0101zijas zobens (ZS-9495b)<\/p>\n<p>Dekorat\u012bv\u0101 fant\u0101zijas zobens<br \/>\nKirito tum\u0161ais repulsera zobens<br \/>\nNo Sword Art Online s\u0113rijas<br \/>\nT\u0113rauda asmens melns un pel\u0113ks<br \/>\nPlastisk\u0101 aizsargs<br \/>\nKoka rokturis<br \/>\nLeatherette Scabbard<br \/>\nAsmens garums 840mm<br \/>\nKop\u0113jais garums 1080mm<br \/>\nSvars 1665g (1920g ar Scabbard)<\/p>\n<p>Nav nor\u0101d\u012bts un nav asin\u0101ts zobens, tikai dekorat\u012bvos nol\u016bkos<\/p>\n","protected":false},"excerpt":{"rendered":"<p>Dekorat\u012bv\u0101 fant\u0101zijas zobens (ZS-9495b) Dekorat\u012bv\u0101 fant\u0101zijas zobens Kirito tum\u0161ais repulsera zobens No Sword Art Online s\u0113rijas T\u0113rauda asmens melns un<\/p>\n","protected":false},"featured_media":140070,"template":"","meta":{"_acf_changed":false},"product_brand":[],"product_cat":[1105,1311],"product_tag":[],"class_list":{"0":"post-140639","1":"product","2":"type-product","3":"status-publish","4":"has-post-thumbnail","6":"product_cat-cits","7":"product_cat-zobeni","9":"first","10":"instock","11":"purchasable","12":"product-type-simple"},"acf":[],"_links":{"self":[{"href":"https:\/\/kingarms.ee\/lv\/wp-json\/wp\/v2\/product\/140639","targetHints":{"allow":["GET"]}}],"collection":[{"href":"https:\/\/kingarms.ee\/lv\/wp-json\/wp\/v2\/product"}],"about":[{"href":"https:\/\/kingarms.ee\/lv\/wp-json\/wp\/v2\/types\/product"}],"wp:featuredmedia":[{"embeddable":true,"href":"https:\/\/kingarms.ee\/lv\/wp-json\/wp\/v2\/media\/140070"}],"wp:attachment":[{"href":"https:\/\/kingarms.ee\/lv\/wp-json\/wp\/v2\/media?parent=140639"}],"wp:term":[{"taxonomy":"product_brand","embeddable":true,"href":"https:\/\/kingarms.ee\/lv\/wp-json\/wp\/v2\/product_brand?post=140639"},{"taxonomy":"product_cat","embeddable":true,"href":"https:\/\/kingarms.ee\/lv\/wp-json\/wp\/v2\/product_cat?post=140639"},{"taxonomy":"product_tag","embeddable":true,"href":"https:\/\/kingarms.ee\/lv\/wp-json\/wp\/v2\/product_tag?post=140639"}],"curies":[{"name":"wp","href":"https:\/\/api.w.org\/{rel}","templated":true}]}}