{"id":140652,"date":"2024-12-06T16:39:23","date_gmt":"2024-12-07T12:20:20","guid":{"rendered":"https:\/\/kingarms.ee\/product\/dekorativa-fantazijas-zobens-by-061a\/"},"modified":"2025-08-02T15:31:43","modified_gmt":"2025-08-02T12:31:43","slug":"dekorativa-fantazija-varda-by-061a","status":"publish","type":"product","link":"https:\/\/kingarms.ee\/lv\/product\/dekorativa-fantazija-varda-by-061a\/","title":{"rendered":"Dekorat\u012bv\u0101 fant\u0101zijas zobens (by-061a)"},"content":{"rendered":"<p>Dekorat\u012bv\u0101 fant\u0101zijas zobens (by-061a)<\/p>\n<p>Dekorat\u012bv\u0101 fant\u0101zijas zobens<br \/>\nIedvesmojoties no kara\u013ca P\u0113tera zobena no Narnijas hronik\u0101m<br \/>\nT\u0113rauda asmens<br \/>\nKoka kalna imit\u0101cija ar met\u0101la deta\u013c\u0101m<br \/>\nKoka sienas stat\u012bva (iek\u013cautas mont\u0101\u017eas skr\u016bves) svars 500g<br \/>\nL\u0101psti\u0146as garums 910mm<br \/>\nKop\u0113jais garums 1140mm<br \/>\nSvars 1600g<\/p>\n<p>Nav asin\u0101ts un neass asmens, tikai dekorat\u012bviem nol\u016bkiem<\/p>\n","protected":false},"excerpt":{"rendered":"<p>Dekorat\u012bv\u0101 fant\u0101zijas zobens (by-061a) Dekorat\u012bv\u0101 fant\u0101zijas zobens Iedvesmojoties no kara\u013ca P\u0113tera zobena no Narnijas hronik\u0101m T\u0113rauda asmens Koka kalna imit\u0101cija<\/p>\n","protected":false},"featured_media":138876,"template":"","meta":{"_acf_changed":false},"product_brand":[],"product_cat":[1105,1311],"product_tag":[],"class_list":{"0":"post-140652","1":"product","2":"type-product","3":"status-publish","4":"has-post-thumbnail","6":"product_cat-cits","7":"product_cat-zobeni","9":"first","10":"instock","11":"purchasable","12":"product-type-simple"},"acf":[],"_links":{"self":[{"href":"https:\/\/kingarms.ee\/lv\/wp-json\/wp\/v2\/product\/140652","targetHints":{"allow":["GET"]}}],"collection":[{"href":"https:\/\/kingarms.ee\/lv\/wp-json\/wp\/v2\/product"}],"about":[{"href":"https:\/\/kingarms.ee\/lv\/wp-json\/wp\/v2\/types\/product"}],"wp:featuredmedia":[{"embeddable":true,"href":"https:\/\/kingarms.ee\/lv\/wp-json\/wp\/v2\/media\/138876"}],"wp:attachment":[{"href":"https:\/\/kingarms.ee\/lv\/wp-json\/wp\/v2\/media?parent=140652"}],"wp:term":[{"taxonomy":"product_brand","embeddable":true,"href":"https:\/\/kingarms.ee\/lv\/wp-json\/wp\/v2\/product_brand?post=140652"},{"taxonomy":"product_cat","embeddable":true,"href":"https:\/\/kingarms.ee\/lv\/wp-json\/wp\/v2\/product_cat?post=140652"},{"taxonomy":"product_tag","embeddable":true,"href":"https:\/\/kingarms.ee\/lv\/wp-json\/wp\/v2\/product_tag?post=140652"}],"curies":[{"name":"wp","href":"https:\/\/api.w.org\/{rel}","templated":true}]}}