{"id":140658,"date":"2024-12-06T16:39:05","date_gmt":"2024-12-07T12:20:23","guid":{"rendered":"https:\/\/kingarms.ee\/product\/dekorativa-fantazijas-zobens-zs645\/"},"modified":"2025-08-02T15:33:30","modified_gmt":"2025-08-02T12:33:30","slug":"dekorativa-fantazija-varda-zs645","status":"publish","type":"product","link":"https:\/\/kingarms.ee\/lv\/product\/dekorativa-fantazija-varda-zs645\/","title":{"rendered":"Dekorat\u012bv\u0101 fant\u0101zijas zobens (ZS645)"},"content":{"rendered":"<p>Dekorat\u012bv\u0101 fant\u0101zijas zobens (ZS645)<\/p>\n<p>Dekorat\u012bv\u0101 fant\u0101zijas zobens<br \/>\nIedvesmojoties no Vei Vuksijas zobena<br \/>\nFant\u0101zijas s\u0113rija: Mo Dao Zu Shi (d\u0113monisk\u0101s kultiv\u0113\u0161anas vecm\u0101mi\u0146a)<br \/>\nNer\u016bs\u0113jo\u0161\u0101 t\u0113rauda asmens<br \/>\nMet\u0101la sargs un pommels<br \/>\nKoka kraupis un sa\u0137ere<br \/>\nKop\u0113jais garums 1060 mm (1100 mm ar \u0137abi)<br \/>\nAsmens garums 770mm<br \/>\nSvars 970G (1360G ar \u0137abis)<\/p>\n<p>Neass un nav asin\u0101ts asmens, tikai dekorat\u012bviem nol\u016bkiem<br \/>\nL\u016bdzu, pirms pirk\u0161anas p\u0101rbaudiet savas valsts regul\u0113jumu<\/p>\n","protected":false},"excerpt":{"rendered":"<p>Dekorat\u012bv\u0101 fant\u0101zijas zobens (ZS645) Dekorat\u012bv\u0101 fant\u0101zijas zobens Iedvesmojoties no Vei Vuksijas zobena Fant\u0101zijas s\u0113rija: Mo Dao Zu Shi (d\u0113monisk\u0101s kultiv\u0113\u0161anas<\/p>\n","protected":false},"featured_media":139554,"template":"","meta":{"_acf_changed":false},"product_brand":[],"product_cat":[1105,1311],"product_tag":[],"class_list":{"0":"post-140658","1":"product","2":"type-product","3":"status-publish","4":"has-post-thumbnail","6":"product_cat-cits","7":"product_cat-zobeni","9":"first","10":"instock","11":"purchasable","12":"product-type-simple"},"acf":[],"_links":{"self":[{"href":"https:\/\/kingarms.ee\/lv\/wp-json\/wp\/v2\/product\/140658","targetHints":{"allow":["GET"]}}],"collection":[{"href":"https:\/\/kingarms.ee\/lv\/wp-json\/wp\/v2\/product"}],"about":[{"href":"https:\/\/kingarms.ee\/lv\/wp-json\/wp\/v2\/types\/product"}],"wp:featuredmedia":[{"embeddable":true,"href":"https:\/\/kingarms.ee\/lv\/wp-json\/wp\/v2\/media\/139554"}],"wp:attachment":[{"href":"https:\/\/kingarms.ee\/lv\/wp-json\/wp\/v2\/media?parent=140658"}],"wp:term":[{"taxonomy":"product_brand","embeddable":true,"href":"https:\/\/kingarms.ee\/lv\/wp-json\/wp\/v2\/product_brand?post=140658"},{"taxonomy":"product_cat","embeddable":true,"href":"https:\/\/kingarms.ee\/lv\/wp-json\/wp\/v2\/product_cat?post=140658"},{"taxonomy":"product_tag","embeddable":true,"href":"https:\/\/kingarms.ee\/lv\/wp-json\/wp\/v2\/product_tag?post=140658"}],"curies":[{"name":"wp","href":"https:\/\/api.w.org\/{rel}","templated":true}]}}