{"id":140660,"date":"2024-12-06T16:39:05","date_gmt":"2024-12-07T12:20:24","guid":{"rendered":"https:\/\/kingarms.ee\/product\/dekorativais-zobens-zs072\/"},"modified":"2025-08-02T15:35:20","modified_gmt":"2025-08-02T12:35:20","slug":"dekorativais-varda-zs072","status":"publish","type":"product","link":"https:\/\/kingarms.ee\/lv\/product\/dekorativais-varda-zs072\/","title":{"rendered":"Dekorat\u012bvais zobens (ZS072)"},"content":{"rendered":"<p>Dekorat\u012bvais zobens (ZS072)<\/p>\n<p>Dekorat\u012bvais zobens<br \/>\nIedvesmojoties no Dark Moon Greatsword<br \/>\nElden Ring s\u0113rija<br \/>\nT\u0113rauda asmens<br \/>\nMet\u0101la rokturis<br \/>\nKoka sienas stat\u012bva ir iek\u013cauta<br \/>\nAsmens garums 895 mm<br \/>\nKop\u0113jais garums 1220 mm<br \/>\nKop\u0113jais svars 3565g<\/p>\n<p>Nav asin\u0101ts un neass asmens, tikai dekorat\u012bviem nol\u016bkiem<\/p>\n","protected":false},"excerpt":{"rendered":"<p>Dekorat\u012bvais zobens (ZS072) Dekorat\u012bvais zobens Iedvesmojoties no Dark Moon Greatsword Elden Ring s\u0113rija T\u0113rauda asmens Met\u0101la rokturis Koka sienas stat\u012bva<\/p>\n","protected":false},"featured_media":139080,"template":"","meta":{"_acf_changed":false},"product_brand":[],"product_cat":[1105,1311],"product_tag":[],"class_list":{"0":"post-140660","1":"product","2":"type-product","3":"status-publish","4":"has-post-thumbnail","6":"product_cat-cits","7":"product_cat-zobeni","9":"first","10":"instock","11":"purchasable","12":"product-type-simple"},"acf":[],"_links":{"self":[{"href":"https:\/\/kingarms.ee\/lv\/wp-json\/wp\/v2\/product\/140660","targetHints":{"allow":["GET"]}}],"collection":[{"href":"https:\/\/kingarms.ee\/lv\/wp-json\/wp\/v2\/product"}],"about":[{"href":"https:\/\/kingarms.ee\/lv\/wp-json\/wp\/v2\/types\/product"}],"wp:featuredmedia":[{"embeddable":true,"href":"https:\/\/kingarms.ee\/lv\/wp-json\/wp\/v2\/media\/139080"}],"wp:attachment":[{"href":"https:\/\/kingarms.ee\/lv\/wp-json\/wp\/v2\/media?parent=140660"}],"wp:term":[{"taxonomy":"product_brand","embeddable":true,"href":"https:\/\/kingarms.ee\/lv\/wp-json\/wp\/v2\/product_brand?post=140660"},{"taxonomy":"product_cat","embeddable":true,"href":"https:\/\/kingarms.ee\/lv\/wp-json\/wp\/v2\/product_cat?post=140660"},{"taxonomy":"product_tag","embeddable":true,"href":"https:\/\/kingarms.ee\/lv\/wp-json\/wp\/v2\/product_tag?post=140660"}],"curies":[{"name":"wp","href":"https:\/\/api.w.org\/{rel}","templated":true}]}}