{"id":140695,"date":"2024-12-06T16:39:05","date_gmt":"2024-12-07T13:28:31","guid":{"rendered":"https:\/\/kingarms.ee\/product\/dekorativais-zobens-zs103\/"},"modified":"2025-08-02T15:39:29","modified_gmt":"2025-08-02T12:39:29","slug":"dekorativais-varda-zs103","status":"publish","type":"product","link":"https:\/\/kingarms.ee\/lv\/product\/dekorativais-varda-zs103\/","title":{"rendered":"Dekorat\u012bvais zobens (ZS103)"},"content":{"rendered":"<p>Dekorat\u012bvais zobens (ZS103)<\/p>\n<p>Dekorat\u012bvais zobens<br \/>\nIedvesmots no Galadriela zobena<br \/>\nS\u0113rijas Gredzenu pav\u0113lnieks (varas gredzeni)<br \/>\nT\u0113rauda asmens<br \/>\nMet\u0101la rokturis, met\u0101la aizsargs un poga<br \/>\nKoka \u0161\u0137embas ar jostu plecu n\u0113s\u0101\u0161anai<br \/>\nL\u0101psti\u0146as garums 730mm<br \/>\nKop\u0113jais garums 970 mm (1040 mm ar \u0137abi)<br \/>\nSvars 900G (1460G ar Scabbard)<\/p>\n<p>Nav asin\u0101ts un neass asmens, tikai dekorat\u012bviem nol\u016bkiem<\/p>\n","protected":false},"excerpt":{"rendered":"<p>Dekorat\u012bvais zobens (ZS103) Dekorat\u012bvais zobens Iedvesmots no Galadriela zobena S\u0113rijas Gredzenu pav\u0113lnieks (varas gredzeni) T\u0113rauda asmens Met\u0101la rokturis, met\u0101la aizsargs<\/p>\n","protected":false},"featured_media":139170,"template":"","meta":{"_acf_changed":false},"product_brand":[],"product_cat":[1105,1311],"product_tag":[],"class_list":{"0":"post-140695","1":"product","2":"type-product","3":"status-publish","4":"has-post-thumbnail","6":"product_cat-cits","7":"product_cat-zobeni","9":"first","10":"instock","11":"purchasable","12":"product-type-simple"},"acf":[],"_links":{"self":[{"href":"https:\/\/kingarms.ee\/lv\/wp-json\/wp\/v2\/product\/140695","targetHints":{"allow":["GET"]}}],"collection":[{"href":"https:\/\/kingarms.ee\/lv\/wp-json\/wp\/v2\/product"}],"about":[{"href":"https:\/\/kingarms.ee\/lv\/wp-json\/wp\/v2\/types\/product"}],"wp:featuredmedia":[{"embeddable":true,"href":"https:\/\/kingarms.ee\/lv\/wp-json\/wp\/v2\/media\/139170"}],"wp:attachment":[{"href":"https:\/\/kingarms.ee\/lv\/wp-json\/wp\/v2\/media?parent=140695"}],"wp:term":[{"taxonomy":"product_brand","embeddable":true,"href":"https:\/\/kingarms.ee\/lv\/wp-json\/wp\/v2\/product_brand?post=140695"},{"taxonomy":"product_cat","embeddable":true,"href":"https:\/\/kingarms.ee\/lv\/wp-json\/wp\/v2\/product_cat?post=140695"},{"taxonomy":"product_tag","embeddable":true,"href":"https:\/\/kingarms.ee\/lv\/wp-json\/wp\/v2\/product_tag?post=140695"}],"curies":[{"name":"wp","href":"https:\/\/api.w.org\/{rel}","templated":true}]}}