{"id":140705,"date":"2024-12-06T16:39:05","date_gmt":"2024-12-07T13:28:35","guid":{"rendered":"https:\/\/kingarms.ee\/product\/dekorativais-zobens-zs129\/"},"modified":"2025-08-02T15:41:05","modified_gmt":"2025-08-02T12:41:05","slug":"dekorativais-varda-zs129","status":"publish","type":"product","link":"https:\/\/kingarms.ee\/lv\/product\/dekorativais-varda-zs129\/","title":{"rendered":"Dekorat\u012bvais zobens (ZS129)"},"content":{"rendered":"<p>Dekorat\u012bvais zobens (ZS129)<\/p>\n<p>Dekorat\u012bvais zobens<br \/>\nIedvesmojoties no Gatsu p\u016b\u0137a Slayer zobena<br \/>\nBerserk s\u0113rija<br \/>\nT\u0113rauda asmens<br \/>\nMet\u0101la rokturis<br \/>\nLeatherette Scabbard<br \/>\nAsmens garums 940mm<br \/>\nKop\u0113jais garums 1260 mm (1280 mm ar \u0137abi)<br \/>\nSvars 3170G (3620G ar Scabbard)<\/p>\n<p>Nav asin\u0101ts un neass asmens, tikai dekorat\u012bviem nol\u016bkiem<\/p>\n","protected":false},"excerpt":{"rendered":"<p>Dekorat\u012bvais zobens (ZS129) Dekorat\u012bvais zobens Iedvesmojoties no Gatsu p\u016b\u0137a Slayer zobena Berserk s\u0113rija T\u0113rauda asmens Met\u0101la rokturis Leatherette Scabbard Asmens<\/p>\n","protected":false},"featured_media":139206,"template":"","meta":{"_acf_changed":false},"product_brand":[],"product_cat":[1105,1311],"product_tag":[],"class_list":{"0":"post-140705","1":"product","2":"type-product","3":"status-publish","4":"has-post-thumbnail","6":"product_cat-cits","7":"product_cat-zobeni","9":"first","10":"instock","11":"purchasable","12":"product-type-simple"},"acf":[],"_links":{"self":[{"href":"https:\/\/kingarms.ee\/lv\/wp-json\/wp\/v2\/product\/140705","targetHints":{"allow":["GET"]}}],"collection":[{"href":"https:\/\/kingarms.ee\/lv\/wp-json\/wp\/v2\/product"}],"about":[{"href":"https:\/\/kingarms.ee\/lv\/wp-json\/wp\/v2\/types\/product"}],"wp:featuredmedia":[{"embeddable":true,"href":"https:\/\/kingarms.ee\/lv\/wp-json\/wp\/v2\/media\/139206"}],"wp:attachment":[{"href":"https:\/\/kingarms.ee\/lv\/wp-json\/wp\/v2\/media?parent=140705"}],"wp:term":[{"taxonomy":"product_brand","embeddable":true,"href":"https:\/\/kingarms.ee\/lv\/wp-json\/wp\/v2\/product_brand?post=140705"},{"taxonomy":"product_cat","embeddable":true,"href":"https:\/\/kingarms.ee\/lv\/wp-json\/wp\/v2\/product_cat?post=140705"},{"taxonomy":"product_tag","embeddable":true,"href":"https:\/\/kingarms.ee\/lv\/wp-json\/wp\/v2\/product_tag?post=140705"}],"curies":[{"name":"wp","href":"https:\/\/api.w.org\/{rel}","templated":true}]}}