{"id":140709,"date":"2024-12-06T16:39:05","date_gmt":"2024-12-07T13:31:22","guid":{"rendered":"https:\/\/kingarms.ee\/product\/dekorals-duncis-zs101\/"},"modified":"2025-08-02T15:41:56","modified_gmt":"2025-08-02T12:41:56","slug":"dekorativais-duncis-zs101","status":"publish","type":"product","link":"https:\/\/kingarms.ee\/lv\/product\/dekorativais-duncis-zs101\/","title":{"rendered":"Dekor\u0101ls duncis (ZS101)"},"content":{"rendered":"<p>Dekor\u0101ls duncis (ZS101)<\/p>\n<p>Dekorat\u012bvais zobens<br \/>\nIedvesmojoties no Galadriel&#8217;s Dagger<br \/>\nGredzenu Kungs s\u0113rija (varas gredzeni)<br \/>\nT\u0113rauda asmens<br \/>\nMet\u0101la rokturis<br \/>\nLeatherette Scabbard<br \/>\nKoka galda stends ir iek\u013cauts<br \/>\nL\u0101psti\u0146as garums 300 mm<br \/>\nKop\u0113jais garums 465 mm (480 mm ar \u0161\u0137embu)<br \/>\nSvars 500G (585 g ar \u0137abi)<\/p>\n<p>Nav asin\u0101ts un neass asmens, tikai dekorat\u012bviem nol\u016bkiem<\/p>\n","protected":false},"excerpt":{"rendered":"<p>Dekor\u0101ls duncis (ZS101) Dekorat\u012bvais zobens Iedvesmojoties no Galadriel&#8217;s Dagger Gredzenu Kungs s\u0113rija (varas gredzeni) T\u0113rauda asmens Met\u0101la rokturis Leatherette Scabbard<\/p>\n","protected":false},"featured_media":139158,"template":"","meta":{"_acf_changed":false},"product_brand":[],"product_cat":[1105,1311],"product_tag":[],"class_list":{"0":"post-140709","1":"product","2":"type-product","3":"status-publish","4":"has-post-thumbnail","6":"product_cat-cits","7":"product_cat-zobeni","9":"first","10":"instock","11":"purchasable","12":"product-type-simple"},"acf":[],"_links":{"self":[{"href":"https:\/\/kingarms.ee\/lv\/wp-json\/wp\/v2\/product\/140709","targetHints":{"allow":["GET"]}}],"collection":[{"href":"https:\/\/kingarms.ee\/lv\/wp-json\/wp\/v2\/product"}],"about":[{"href":"https:\/\/kingarms.ee\/lv\/wp-json\/wp\/v2\/types\/product"}],"wp:featuredmedia":[{"embeddable":true,"href":"https:\/\/kingarms.ee\/lv\/wp-json\/wp\/v2\/media\/139158"}],"wp:attachment":[{"href":"https:\/\/kingarms.ee\/lv\/wp-json\/wp\/v2\/media?parent=140709"}],"wp:term":[{"taxonomy":"product_brand","embeddable":true,"href":"https:\/\/kingarms.ee\/lv\/wp-json\/wp\/v2\/product_brand?post=140709"},{"taxonomy":"product_cat","embeddable":true,"href":"https:\/\/kingarms.ee\/lv\/wp-json\/wp\/v2\/product_cat?post=140709"},{"taxonomy":"product_tag","embeddable":true,"href":"https:\/\/kingarms.ee\/lv\/wp-json\/wp\/v2\/product_tag?post=140709"}],"curies":[{"name":"wp","href":"https:\/\/api.w.org\/{rel}","templated":true}]}}