{"id":140716,"date":"2024-12-06T16:39:05","date_gmt":"2024-12-07T13:32:24","guid":{"rendered":"https:\/\/kingarms.ee\/product\/dekorativais-zobens-zs096\/"},"modified":"2025-08-02T15:43:37","modified_gmt":"2025-08-02T12:43:37","slug":"ornamental-word-zs096","status":"publish","type":"product","link":"https:\/\/kingarms.ee\/lv\/product\/ornamental-word-zs096\/","title":{"rendered":"Dekorat\u012bvais zobens (ZS096)"},"content":{"rendered":"<p>Dekorat\u012bvais zobens (ZS096)<\/p>\n<p>Dekorat\u012bvais zobens<br \/>\nIedvesmojoties no Artorias &#8216;Greatword<br \/>\nDark Souls s\u0113rija<br \/>\nT\u0113rauda asmens<br \/>\nMet\u0101la rokturis, sargs un poga<br \/>\nL\u0101psti\u0146as garums 900 mm<br \/>\nKop\u0113jais garums 1400 mm<br \/>\nSvars 3135g<\/p>\n<p>Nav asin\u0101ts un neass asmens, tikai dekorat\u012bviem nol\u016bkiem<\/p>\n","protected":false},"excerpt":{"rendered":"<p>Dekorat\u012bvais zobens (ZS096) Dekorat\u012bvais zobens Iedvesmojoties no Artorias &#8216;Greatword Dark Souls s\u0113rija T\u0113rauda asmens Met\u0101la rokturis, sargs un poga L\u0101psti\u0146as<\/p>\n","protected":false},"featured_media":139140,"template":"","meta":{"_acf_changed":false},"product_brand":[],"product_cat":[1105,1311],"product_tag":[],"class_list":{"0":"post-140716","1":"product","2":"type-product","3":"status-publish","4":"has-post-thumbnail","6":"product_cat-cits","7":"product_cat-zobeni","9":"first","10":"instock","11":"purchasable","12":"product-type-simple"},"acf":[],"_links":{"self":[{"href":"https:\/\/kingarms.ee\/lv\/wp-json\/wp\/v2\/product\/140716","targetHints":{"allow":["GET"]}}],"collection":[{"href":"https:\/\/kingarms.ee\/lv\/wp-json\/wp\/v2\/product"}],"about":[{"href":"https:\/\/kingarms.ee\/lv\/wp-json\/wp\/v2\/types\/product"}],"wp:featuredmedia":[{"embeddable":true,"href":"https:\/\/kingarms.ee\/lv\/wp-json\/wp\/v2\/media\/139140"}],"wp:attachment":[{"href":"https:\/\/kingarms.ee\/lv\/wp-json\/wp\/v2\/media?parent=140716"}],"wp:term":[{"taxonomy":"product_brand","embeddable":true,"href":"https:\/\/kingarms.ee\/lv\/wp-json\/wp\/v2\/product_brand?post=140716"},{"taxonomy":"product_cat","embeddable":true,"href":"https:\/\/kingarms.ee\/lv\/wp-json\/wp\/v2\/product_cat?post=140716"},{"taxonomy":"product_tag","embeddable":true,"href":"https:\/\/kingarms.ee\/lv\/wp-json\/wp\/v2\/product_tag?post=140716"}],"curies":[{"name":"wp","href":"https:\/\/api.w.org\/{rel}","templated":true}]}}