{"id":140724,"date":"2024-12-06T16:39:05","date_gmt":"2024-12-07T13:33:48","guid":{"rendered":"https:\/\/kingarms.ee\/product\/dekorativais-zobens-zs095\/"},"modified":"2025-08-02T15:45:15","modified_gmt":"2025-08-02T12:45:15","slug":"dekorativais-varda-zs095","status":"publish","type":"product","link":"https:\/\/kingarms.ee\/lv\/product\/dekorativais-varda-zs095\/","title":{"rendered":"Dekorat\u012bvais zobens (ZS095)"},"content":{"rendered":"<p>Dekorat\u012bvais zobens (ZS095)<\/p>\n<p>Dekorat\u012bvais zobens<br \/>\nIedvesmojoties no Optimus Prime sprieduma zobena<br \/>\nTransformatoru s\u0113rija<br \/>\nT\u0113rauda asmens ar plastmasas dekorat\u012bv\u0101m deta\u013c\u0101m<br \/>\nMet\u0101la rokturis<br \/>\nAsmens garums 800 mm<br \/>\nKoka sienas stat\u012bva ir iek\u013cauta<br \/>\nKop\u0113jais garums 1260mm<br \/>\nSvars 3460g<\/p>\n<p>Nav asin\u0101ts un neass asmens, tikai dekorat\u012bviem nol\u016bkiem<\/p>\n","protected":false},"excerpt":{"rendered":"<p>Dekorat\u012bvais zobens (ZS095) Dekorat\u012bvais zobens Iedvesmojoties no Optimus Prime sprieduma zobena Transformatoru s\u0113rija T\u0113rauda asmens ar plastmasas dekorat\u012bv\u0101m deta\u013c\u0101m Met\u0101la<\/p>\n","protected":false},"featured_media":139134,"template":"","meta":{"_acf_changed":false},"product_brand":[],"product_cat":[1105,1311],"product_tag":[],"class_list":{"0":"post-140724","1":"product","2":"type-product","3":"status-publish","4":"has-post-thumbnail","6":"product_cat-cits","7":"product_cat-zobeni","9":"first","10":"instock","11":"purchasable","12":"product-type-simple"},"acf":[],"_links":{"self":[{"href":"https:\/\/kingarms.ee\/lv\/wp-json\/wp\/v2\/product\/140724","targetHints":{"allow":["GET"]}}],"collection":[{"href":"https:\/\/kingarms.ee\/lv\/wp-json\/wp\/v2\/product"}],"about":[{"href":"https:\/\/kingarms.ee\/lv\/wp-json\/wp\/v2\/types\/product"}],"wp:featuredmedia":[{"embeddable":true,"href":"https:\/\/kingarms.ee\/lv\/wp-json\/wp\/v2\/media\/139134"}],"wp:attachment":[{"href":"https:\/\/kingarms.ee\/lv\/wp-json\/wp\/v2\/media?parent=140724"}],"wp:term":[{"taxonomy":"product_brand","embeddable":true,"href":"https:\/\/kingarms.ee\/lv\/wp-json\/wp\/v2\/product_brand?post=140724"},{"taxonomy":"product_cat","embeddable":true,"href":"https:\/\/kingarms.ee\/lv\/wp-json\/wp\/v2\/product_cat?post=140724"},{"taxonomy":"product_tag","embeddable":true,"href":"https:\/\/kingarms.ee\/lv\/wp-json\/wp\/v2\/product_tag?post=140724"}],"curies":[{"name":"wp","href":"https:\/\/api.w.org\/{rel}","templated":true}]}}