{"id":140731,"date":"2024-12-06T16:39:05","date_gmt":"2024-12-07T14:23:05","guid":{"rendered":"https:\/\/kingarms.ee\/product\/dekorativais-zobens-zs085\/"},"modified":"2025-08-02T15:46:01","modified_gmt":"2025-08-02T12:46:01","slug":"dekorativais-varda-zs085","status":"publish","type":"product","link":"https:\/\/kingarms.ee\/lv\/product\/dekorativais-varda-zs085\/","title":{"rendered":"Dekorat\u012bvais zobens (ZS085)"},"content":{"rendered":"<p>Dekorat\u012bvais zobens (ZS085)<\/p>\n<p>Dekorat\u012bvais zobens<br \/>\nIedvesmojoties no Gandalfa Blu Glamding zobena<br \/>\nGredzenu pav\u0113lnieks s\u0113rija<br \/>\nT\u0113rauda asmens<br \/>\nKoka rokturis un krauklis<br \/>\nMet\u0101la aizsargs un poga<br \/>\nAsmens garums 890mm<br \/>\nKop\u0113jais garums 1170 mm (1260 mm ar \u0137abi)<br \/>\nSvars 1360g (1925G ar Scabbard)<\/p>\n<p>Nav asin\u0101ts un neass asmens, tikai dekorat\u012bviem nol\u016bkiem<\/p>\n","protected":false},"excerpt":{"rendered":"<p>Dekorat\u012bvais zobens (ZS085) Dekorat\u012bvais zobens Iedvesmojoties no Gandalfa Blu Glamding zobena Gredzenu pav\u0113lnieks s\u0113rija T\u0113rauda asmens Koka rokturis un krauklis<\/p>\n","protected":false},"featured_media":139092,"template":"","meta":{"_acf_changed":false},"product_brand":[],"product_cat":[1105,1311],"product_tag":[],"class_list":{"0":"post-140731","1":"product","2":"type-product","3":"status-publish","4":"has-post-thumbnail","6":"product_cat-cits","7":"product_cat-zobeni","9":"first","10":"instock","11":"purchasable","12":"product-type-simple"},"acf":[],"_links":{"self":[{"href":"https:\/\/kingarms.ee\/lv\/wp-json\/wp\/v2\/product\/140731","targetHints":{"allow":["GET"]}}],"collection":[{"href":"https:\/\/kingarms.ee\/lv\/wp-json\/wp\/v2\/product"}],"about":[{"href":"https:\/\/kingarms.ee\/lv\/wp-json\/wp\/v2\/types\/product"}],"wp:featuredmedia":[{"embeddable":true,"href":"https:\/\/kingarms.ee\/lv\/wp-json\/wp\/v2\/media\/139092"}],"wp:attachment":[{"href":"https:\/\/kingarms.ee\/lv\/wp-json\/wp\/v2\/media?parent=140731"}],"wp:term":[{"taxonomy":"product_brand","embeddable":true,"href":"https:\/\/kingarms.ee\/lv\/wp-json\/wp\/v2\/product_brand?post=140731"},{"taxonomy":"product_cat","embeddable":true,"href":"https:\/\/kingarms.ee\/lv\/wp-json\/wp\/v2\/product_cat?post=140731"},{"taxonomy":"product_tag","embeddable":true,"href":"https:\/\/kingarms.ee\/lv\/wp-json\/wp\/v2\/product_tag?post=140731"}],"curies":[{"name":"wp","href":"https:\/\/api.w.org\/{rel}","templated":true}]}}