{"id":140742,"date":"2024-12-06T16:39:05","date_gmt":"2024-12-07T14:54:06","guid":{"rendered":"https:\/\/kingarms.ee\/product\/dekorativais-zobens-zs093\/"},"modified":"2025-08-02T15:46:52","modified_gmt":"2025-08-02T12:46:52","slug":"dekorativais-varda-zs093","status":"publish","type":"product","link":"https:\/\/kingarms.ee\/lv\/product\/dekorativais-varda-zs093\/","title":{"rendered":"Dekorat\u012bvais zobens (ZS093)"},"content":{"rendered":"<p>Dekorat\u012bvais zobens (ZS093)<\/p>\n<p>Dekorat\u012bvais zobens<br \/>\nIedvesmots no Anduina Lothara zobena<br \/>\nWorld of Warcraft s\u0113rija<br \/>\nT\u0113rauda asmens<br \/>\nMet\u0101la rokturis<br \/>\nKoka sienas stat\u012bva ir iek\u013cauta<br \/>\nAsmens garums 700 mm<br \/>\nKop\u0113jais garums 1080mm<br \/>\nSvars 3800G<\/p>\n<p>Nav asin\u0101ts un neass asmens, tikai dekorat\u012bviem nol\u016bkiem<\/p>\n","protected":false},"excerpt":{"rendered":"<p>Dekorat\u012bvais zobens (ZS093) Dekorat\u012bvais zobens Iedvesmots no Anduina Lothara zobena World of Warcraft s\u0113rija T\u0113rauda asmens Met\u0101la rokturis Koka sienas<\/p>\n","protected":false},"featured_media":139122,"template":"","meta":{"_acf_changed":false},"product_brand":[],"product_cat":[1105,1311],"product_tag":[],"class_list":{"0":"post-140742","1":"product","2":"type-product","3":"status-publish","4":"has-post-thumbnail","6":"product_cat-cits","7":"product_cat-zobeni","9":"first","10":"instock","11":"purchasable","12":"product-type-simple"},"acf":[],"_links":{"self":[{"href":"https:\/\/kingarms.ee\/lv\/wp-json\/wp\/v2\/product\/140742","targetHints":{"allow":["GET"]}}],"collection":[{"href":"https:\/\/kingarms.ee\/lv\/wp-json\/wp\/v2\/product"}],"about":[{"href":"https:\/\/kingarms.ee\/lv\/wp-json\/wp\/v2\/types\/product"}],"wp:featuredmedia":[{"embeddable":true,"href":"https:\/\/kingarms.ee\/lv\/wp-json\/wp\/v2\/media\/139122"}],"wp:attachment":[{"href":"https:\/\/kingarms.ee\/lv\/wp-json\/wp\/v2\/media?parent=140742"}],"wp:term":[{"taxonomy":"product_brand","embeddable":true,"href":"https:\/\/kingarms.ee\/lv\/wp-json\/wp\/v2\/product_brand?post=140742"},{"taxonomy":"product_cat","embeddable":true,"href":"https:\/\/kingarms.ee\/lv\/wp-json\/wp\/v2\/product_cat?post=140742"},{"taxonomy":"product_tag","embeddable":true,"href":"https:\/\/kingarms.ee\/lv\/wp-json\/wp\/v2\/product_tag?post=140742"}],"curies":[{"name":"wp","href":"https:\/\/api.w.org\/{rel}","templated":true}]}}