{"id":140744,"date":"2024-12-06T16:39:05","date_gmt":"2024-12-07T14:55:21","guid":{"rendered":"https:\/\/kingarms.ee\/product\/dekorativais-zobens-zs092\/"},"modified":"2025-08-02T15:47:58","modified_gmt":"2025-08-02T12:47:58","slug":"ornamental-sword-zs092","status":"publish","type":"product","link":"https:\/\/kingarms.ee\/lv\/product\/ornamental-sword-zs092\/","title":{"rendered":"Dekorat\u012bvais zobens (ZS092)"},"content":{"rendered":"<p>Dekorat\u012bvais zobens (ZS092)<\/p>\n<p>Dekorat\u012bvais zobens<br \/>\nIedvesmojoties no Valerian Wrynn&#8217;s Shalamayne zobena<br \/>\nWorld of Warcraft s\u0113rija<br \/>\nZobenu veido divi da\u017e\u0101di asme\u0146i, ko kop\u0101 tur magn\u0113ti<br \/>\nT\u0113rauda asmens<br \/>\nSve\u0137u rokturis<br \/>\nIek\u013cauts galda stends<br \/>\nAsmens garums 710 mm un 650 mm<br \/>\nKop\u0113jais garums 1120 mm<br \/>\nSvars 3980g<\/p>\n<p>Nav asin\u0101ts un neass asmens, tikai dekorat\u012bviem nol\u016bkiem<\/p>\n","protected":false},"excerpt":{"rendered":"<p>Dekorat\u012bvais zobens (ZS092) Dekorat\u012bvais zobens Iedvesmojoties no Valerian Wrynn&#8217;s Shalamayne zobena World of Warcraft s\u0113rija Zobenu veido divi da\u017e\u0101di asme\u0146i,<\/p>\n","protected":false},"featured_media":139116,"template":"","meta":{"_acf_changed":false},"product_brand":[],"product_cat":[1105,1311],"product_tag":[],"class_list":{"0":"post-140744","1":"product","2":"type-product","3":"status-publish","4":"has-post-thumbnail","6":"product_cat-cits","7":"product_cat-zobeni","9":"first","10":"instock","11":"purchasable","12":"product-type-simple"},"acf":[],"_links":{"self":[{"href":"https:\/\/kingarms.ee\/lv\/wp-json\/wp\/v2\/product\/140744","targetHints":{"allow":["GET"]}}],"collection":[{"href":"https:\/\/kingarms.ee\/lv\/wp-json\/wp\/v2\/product"}],"about":[{"href":"https:\/\/kingarms.ee\/lv\/wp-json\/wp\/v2\/types\/product"}],"wp:featuredmedia":[{"embeddable":true,"href":"https:\/\/kingarms.ee\/lv\/wp-json\/wp\/v2\/media\/139116"}],"wp:attachment":[{"href":"https:\/\/kingarms.ee\/lv\/wp-json\/wp\/v2\/media?parent=140744"}],"wp:term":[{"taxonomy":"product_brand","embeddable":true,"href":"https:\/\/kingarms.ee\/lv\/wp-json\/wp\/v2\/product_brand?post=140744"},{"taxonomy":"product_cat","embeddable":true,"href":"https:\/\/kingarms.ee\/lv\/wp-json\/wp\/v2\/product_cat?post=140744"},{"taxonomy":"product_tag","embeddable":true,"href":"https:\/\/kingarms.ee\/lv\/wp-json\/wp\/v2\/product_tag?post=140744"}],"curies":[{"name":"wp","href":"https:\/\/api.w.org\/{rel}","templated":true}]}}