{"id":140755,"date":"2024-12-06T16:38:47","date_gmt":"2024-12-07T14:55:44","guid":{"rendered":"https:\/\/kingarms.ee\/product\/fantazijas-dekorativs-duncis-zs8230\/"},"modified":"2025-08-02T15:49:45","modified_gmt":"2025-08-02T12:49:45","slug":"fantasy-ornamental-dagger-zs8230","status":"publish","type":"product","link":"https:\/\/kingarms.ee\/lv\/product\/fantasy-ornamental-dagger-zs8230\/","title":{"rendered":"Fant\u0101zijas dekorat\u012bvs duncis (ZS8230)"},"content":{"rendered":"<p>Fant\u0101zijas dekorat\u012bvs duncis (ZS8230)<\/p>\n<p>Fant\u0101zijas dekorat\u012bvs duncis (ZS8230)<br \/>\nIedvesmojoties no D\u017eeralta Di Rivijas dun\u010da<br \/>\nWitcher s\u0113rija<br \/>\nT\u0113rauda asmens<br \/>\nPlastmasas un met\u0101la rokturis un kraupis<br \/>\nAsmens garums 240mm<br \/>\nKop\u0113jais garums 365 mm (400 mm ar \u0137abi)<br \/>\nSvars 180 g (250 g ar \u0137abi)<\/p>\n<p>Dekorat\u012bvs duncis, neass un nav asin\u0101ts asmens<br \/>\nL\u016bdzu, pirms pirk\u0161anas p\u0101rbaudiet savas valsts regulu<\/p>\n","protected":false},"excerpt":{"rendered":"<p>Fant\u0101zijas dekorat\u012bvs duncis (ZS8230) Fant\u0101zijas dekorat\u012bvs duncis (ZS8230) Iedvesmojoties no D\u017eeralta Di Rivijas dun\u010da Witcher s\u0113rija T\u0113rauda asmens Plastmasas un<\/p>\n","protected":false},"featured_media":139944,"template":"","meta":{"_acf_changed":false},"product_brand":[],"product_cat":[1105,1311],"product_tag":[],"class_list":{"0":"post-140755","1":"product","2":"type-product","3":"status-publish","4":"has-post-thumbnail","6":"product_cat-cits","7":"product_cat-zobeni","9":"first","10":"instock","11":"purchasable","12":"product-type-simple"},"acf":[],"_links":{"self":[{"href":"https:\/\/kingarms.ee\/lv\/wp-json\/wp\/v2\/product\/140755","targetHints":{"allow":["GET"]}}],"collection":[{"href":"https:\/\/kingarms.ee\/lv\/wp-json\/wp\/v2\/product"}],"about":[{"href":"https:\/\/kingarms.ee\/lv\/wp-json\/wp\/v2\/types\/product"}],"wp:featuredmedia":[{"embeddable":true,"href":"https:\/\/kingarms.ee\/lv\/wp-json\/wp\/v2\/media\/139944"}],"wp:attachment":[{"href":"https:\/\/kingarms.ee\/lv\/wp-json\/wp\/v2\/media?parent=140755"}],"wp:term":[{"taxonomy":"product_brand","embeddable":true,"href":"https:\/\/kingarms.ee\/lv\/wp-json\/wp\/v2\/product_brand?post=140755"},{"taxonomy":"product_cat","embeddable":true,"href":"https:\/\/kingarms.ee\/lv\/wp-json\/wp\/v2\/product_cat?post=140755"},{"taxonomy":"product_tag","embeddable":true,"href":"https:\/\/kingarms.ee\/lv\/wp-json\/wp\/v2\/product_tag?post=140755"}],"curies":[{"name":"wp","href":"https:\/\/api.w.org\/{rel}","templated":true}]}}