{"id":140766,"date":"2024-12-06T16:38:47","date_gmt":"2024-12-07T15:08:29","guid":{"rendered":"https:\/\/kingarms.ee\/product\/dekorativie-viduslaiki-duncis-zs3240\/"},"modified":"2025-08-02T15:52:41","modified_gmt":"2025-08-02T12:52:41","slug":"dekorativas-videjas-deger-zs3240","status":"publish","type":"product","link":"https:\/\/kingarms.ee\/lv\/product\/dekorativas-videjas-deger-zs3240\/","title":{"rendered":"Dekorat\u012bvie viduslaiki duncis (ZS3240)"},"content":{"rendered":"<p>Dekorat\u012bvie viduslaiki duncis (ZS3240)<\/p>\n<p>Dekursta viduslaika duncis<br \/>\nT\u0113rauda asmens<br \/>\nPlastmasas un met\u0101la rokturis un kraupis<br \/>\nSatver ar zem\u0101ku imit\u0101cijas za\u013co akmeni<br \/>\nAsmens garums 240mm<br \/>\nKop\u0113jais garums 360 mm<br \/>\nSvars 190 g (250 g ar \u0137abi)<\/p>\n<p>Nav asin\u0101ts un neass asmens, tikai dekorat\u012bviem nol\u016bkiem<br \/>\nL\u016bdzu, pirms pirk\u0161anas, l\u016bdzu, savu valsts regul\u0113jumu<\/p>\n","protected":false},"excerpt":{"rendered":"<p>Dekorat\u012bvie viduslaiki duncis (ZS3240) Dekursta viduslaika duncis T\u0113rauda asmens Plastmasas un met\u0101la rokturis un kraupis Satver ar zem\u0101ku imit\u0101cijas za\u013co<\/p>\n","protected":false},"featured_media":139776,"template":"","meta":{"_acf_changed":false},"product_brand":[],"product_cat":[1105,1311],"product_tag":[],"class_list":{"0":"post-140766","1":"product","2":"type-product","3":"status-publish","4":"has-post-thumbnail","6":"product_cat-cits","7":"product_cat-zobeni","9":"first","10":"instock","11":"purchasable","12":"product-type-simple"},"acf":[],"_links":{"self":[{"href":"https:\/\/kingarms.ee\/lv\/wp-json\/wp\/v2\/product\/140766","targetHints":{"allow":["GET"]}}],"collection":[{"href":"https:\/\/kingarms.ee\/lv\/wp-json\/wp\/v2\/product"}],"about":[{"href":"https:\/\/kingarms.ee\/lv\/wp-json\/wp\/v2\/types\/product"}],"wp:featuredmedia":[{"embeddable":true,"href":"https:\/\/kingarms.ee\/lv\/wp-json\/wp\/v2\/media\/139776"}],"wp:attachment":[{"href":"https:\/\/kingarms.ee\/lv\/wp-json\/wp\/v2\/media?parent=140766"}],"wp:term":[{"taxonomy":"product_brand","embeddable":true,"href":"https:\/\/kingarms.ee\/lv\/wp-json\/wp\/v2\/product_brand?post=140766"},{"taxonomy":"product_cat","embeddable":true,"href":"https:\/\/kingarms.ee\/lv\/wp-json\/wp\/v2\/product_cat?post=140766"},{"taxonomy":"product_tag","embeddable":true,"href":"https:\/\/kingarms.ee\/lv\/wp-json\/wp\/v2\/product_tag?post=140766"}],"curies":[{"name":"wp","href":"https:\/\/api.w.org\/{rel}","templated":true}]}}