{"id":140783,"date":"2024-12-06T16:38:47","date_gmt":"2024-12-07T15:12:30","guid":{"rendered":"https:\/\/kingarms.ee\/product\/dekorativais-templar-zobens-sw1358\/"},"modified":"2025-08-02T15:55:32","modified_gmt":"2025-08-02T12:55:32","slug":"ornamental-templar-swew1358","status":"publish","type":"product","link":"https:\/\/kingarms.ee\/lv\/product\/ornamental-templar-swew1358\/","title":{"rendered":"Dekorat\u012bvais Templar zobens (SW1358)"},"content":{"rendered":"<p>Dekorat\u012bvais Templar zobens (SW1358)<\/p>\n<p>Dekorat\u012bvais temp\u013ca zobens<br \/>\nL\u0101psti\u0146u dekor\u0113\u0161ana<br \/>\nMet\u0101la kalts<br \/>\nKop\u0113jais garums 120cm<br \/>\nL\u0101psti\u0146as garums 94,5cm<br \/>\nSvars 2360g<br \/>\nSienas atbalsts nav iek\u013cauts<\/p>\n<p>Nav asin\u0101ts un neass asmens, tikai dekorat\u012bviem nol\u016bkiem<br \/>\nL\u016bdzu, pirms pirk\u0161anas p\u0101rbaudiet savas valsts regulu<\/p>\n","protected":false},"excerpt":{"rendered":"<p>Dekorat\u012bvais Templar zobens (SW1358) Dekorat\u012bvais temp\u013ca zobens L\u0101psti\u0146u dekor\u0113\u0161ana Met\u0101la kalts Kop\u0113jais garums 120cm L\u0101psti\u0146as garums 94,5cm Svars 2360g Sienas<\/p>\n","protected":false},"featured_media":139002,"template":"","meta":{"_acf_changed":false},"product_brand":[],"product_cat":[1105,1311],"product_tag":[],"class_list":{"0":"post-140783","1":"product","2":"type-product","3":"status-publish","4":"has-post-thumbnail","6":"product_cat-cits","7":"product_cat-zobeni","9":"first","10":"instock","11":"purchasable","12":"product-type-simple"},"acf":[],"_links":{"self":[{"href":"https:\/\/kingarms.ee\/lv\/wp-json\/wp\/v2\/product\/140783","targetHints":{"allow":["GET"]}}],"collection":[{"href":"https:\/\/kingarms.ee\/lv\/wp-json\/wp\/v2\/product"}],"about":[{"href":"https:\/\/kingarms.ee\/lv\/wp-json\/wp\/v2\/types\/product"}],"wp:featuredmedia":[{"embeddable":true,"href":"https:\/\/kingarms.ee\/lv\/wp-json\/wp\/v2\/media\/139002"}],"wp:attachment":[{"href":"https:\/\/kingarms.ee\/lv\/wp-json\/wp\/v2\/media?parent=140783"}],"wp:term":[{"taxonomy":"product_brand","embeddable":true,"href":"https:\/\/kingarms.ee\/lv\/wp-json\/wp\/v2\/product_brand?post=140783"},{"taxonomy":"product_cat","embeddable":true,"href":"https:\/\/kingarms.ee\/lv\/wp-json\/wp\/v2\/product_cat?post=140783"},{"taxonomy":"product_tag","embeddable":true,"href":"https:\/\/kingarms.ee\/lv\/wp-json\/wp\/v2\/product_tag?post=140783"}],"curies":[{"name":"wp","href":"https:\/\/api.w.org\/{rel}","templated":true}]}}