{"id":140793,"date":"2024-12-06T16:38:47","date_gmt":"2024-12-07T16:02:35","guid":{"rendered":"https:\/\/kingarms.ee\/product\/ornametala-fantazijas-zobens-zs9440\/"},"modified":"2025-08-02T15:59:19","modified_gmt":"2025-08-02T12:59:19","slug":"ornametal-fantasy-word-zs9440","status":"publish","type":"product","link":"https:\/\/kingarms.ee\/lv\/product\/ornametal-fantasy-word-zs9440\/","title":{"rendered":"Ornamet\u0101la fant\u0101zijas zobens (ZS9440)"},"content":{"rendered":"<p>Ornamet\u0101la fant\u0101zijas zobens (ZS9440)<\/p>\n<p>Dekorat\u012bv\u0101 fant\u0101zijas zobens<br \/>\nIedvesmots no Kisuke Urahara Benihime zobena<br \/>\nBalin\u0101t\u0101ja anime s\u0113rija<br \/>\nMet\u0101la tsuba<br \/>\nKoka rokturis un apvalks<br \/>\nKopum\u0101 Glenght 1030mm (1110 mm ar apvalku)<br \/>\nLenght asmens 730 mm<br \/>\nSvars 890G (1135G ar apvalku)<\/p>\n<p>Nav asin\u0101ts un neass asmens, tikai dekorat\u012bviem nol\u016bkiem<br \/>\nL\u016bdzu, pirms pirk\u0161anas p\u0101rbaudiet savas valsts regulu<\/p>\n","protected":false},"excerpt":{"rendered":"<p>Ornamet\u0101la fant\u0101zijas zobens (ZS9440) Dekorat\u012bv\u0101 fant\u0101zijas zobens Iedvesmots no Kisuke Urahara Benihime zobena Balin\u0101t\u0101ja anime s\u0113rija Met\u0101la tsuba Koka rokturis<\/p>\n","protected":false},"featured_media":140046,"template":"","meta":{"_acf_changed":false},"product_brand":[],"product_cat":[1105,1311],"product_tag":[],"class_list":{"0":"post-140793","1":"product","2":"type-product","3":"status-publish","4":"has-post-thumbnail","6":"product_cat-cits","7":"product_cat-zobeni","9":"first","10":"instock","11":"purchasable","12":"product-type-simple"},"acf":[],"_links":{"self":[{"href":"https:\/\/kingarms.ee\/lv\/wp-json\/wp\/v2\/product\/140793","targetHints":{"allow":["GET"]}}],"collection":[{"href":"https:\/\/kingarms.ee\/lv\/wp-json\/wp\/v2\/product"}],"about":[{"href":"https:\/\/kingarms.ee\/lv\/wp-json\/wp\/v2\/types\/product"}],"wp:featuredmedia":[{"embeddable":true,"href":"https:\/\/kingarms.ee\/lv\/wp-json\/wp\/v2\/media\/140046"}],"wp:attachment":[{"href":"https:\/\/kingarms.ee\/lv\/wp-json\/wp\/v2\/media?parent=140793"}],"wp:term":[{"taxonomy":"product_brand","embeddable":true,"href":"https:\/\/kingarms.ee\/lv\/wp-json\/wp\/v2\/product_brand?post=140793"},{"taxonomy":"product_cat","embeddable":true,"href":"https:\/\/kingarms.ee\/lv\/wp-json\/wp\/v2\/product_cat?post=140793"},{"taxonomy":"product_tag","embeddable":true,"href":"https:\/\/kingarms.ee\/lv\/wp-json\/wp\/v2\/product_tag?post=140793"}],"curies":[{"name":"wp","href":"https:\/\/api.w.org\/{rel}","templated":true}]}}