{"id":140799,"date":"2024-12-06T16:38:47","date_gmt":"2024-12-07T16:02:36","guid":{"rendered":"https:\/\/kingarms.ee\/product\/dekorativais-kunai-zskun\/"},"modified":"2025-08-02T16:01:18","modified_gmt":"2025-08-02T13:01:18","slug":"dekorals-kunai-zskuns","status":"publish","type":"product","link":"https:\/\/kingarms.ee\/lv\/product\/dekorals-kunai-zskuns\/","title":{"rendered":"Dekorat\u012bvais Kunai (Zskun)"},"content":{"rendered":"<p>Dekorat\u012bvais Kunai (Zskun)<\/p>\n<p>Dekorat\u012bvais Kunai<br \/>\nIedvesmojoties no Naruto s\u0113rijas<\/p>\n<p>Nav asin\u0101ts un neass asmens, tikai dekorat\u012bviem nol\u016bkiem<br \/>\nL\u016bdzu, pirms pirk\u0161anas p\u0101rbaudiet savas valsts regulu<\/p>\n","protected":false},"excerpt":{"rendered":"<p>Dekorat\u012bvais Kunai (Zskun) Dekorat\u012bvais Kunai Iedvesmojoties no Naruto s\u0113rijas Nav asin\u0101ts un neass asmens, tikai dekorat\u012bviem nol\u016bkiem L\u016bdzu, pirms pirk\u0161anas<\/p>\n","protected":false},"featured_media":140088,"template":"","meta":{"_acf_changed":false},"product_brand":[],"product_cat":[1105,1311],"product_tag":[],"class_list":{"0":"post-140799","1":"product","2":"type-product","3":"status-publish","4":"has-post-thumbnail","6":"product_cat-cits","7":"product_cat-zobeni","9":"first","10":"instock","11":"purchasable","12":"product-type-simple"},"acf":[],"_links":{"self":[{"href":"https:\/\/kingarms.ee\/lv\/wp-json\/wp\/v2\/product\/140799","targetHints":{"allow":["GET"]}}],"collection":[{"href":"https:\/\/kingarms.ee\/lv\/wp-json\/wp\/v2\/product"}],"about":[{"href":"https:\/\/kingarms.ee\/lv\/wp-json\/wp\/v2\/types\/product"}],"wp:featuredmedia":[{"embeddable":true,"href":"https:\/\/kingarms.ee\/lv\/wp-json\/wp\/v2\/media\/140088"}],"wp:attachment":[{"href":"https:\/\/kingarms.ee\/lv\/wp-json\/wp\/v2\/media?parent=140799"}],"wp:term":[{"taxonomy":"product_brand","embeddable":true,"href":"https:\/\/kingarms.ee\/lv\/wp-json\/wp\/v2\/product_brand?post=140799"},{"taxonomy":"product_cat","embeddable":true,"href":"https:\/\/kingarms.ee\/lv\/wp-json\/wp\/v2\/product_cat?post=140799"},{"taxonomy":"product_tag","embeddable":true,"href":"https:\/\/kingarms.ee\/lv\/wp-json\/wp\/v2\/product_tag?post=140799"}],"curies":[{"name":"wp","href":"https:\/\/api.w.org\/{rel}","templated":true}]}}