{"id":140801,"date":"2024-12-06T16:38:47","date_gmt":"2024-12-07T16:02:37","guid":{"rendered":"https:\/\/kingarms.ee\/product\/dekorativs-zobens-049cu\/"},"modified":"2025-08-02T16:03:07","modified_gmt":"2025-08-02T13:03:07","slug":"dekorativa-varda-049cu","status":"publish","type":"product","link":"https:\/\/kingarms.ee\/lv\/product\/dekorativa-varda-049cu\/","title":{"rendered":"Dekorat\u012bvs zobens (049cu)"},"content":{"rendered":"<p>Dekorat\u012bvs zobens (049cu)<\/p>\n<p>Dekorat\u012bvais zobens<br \/>\nIedvesmots no kara\u013ca Art\u016bra Excalibur zobena<br \/>\nT\u0113rauda asmens<br \/>\nKoka rokturis<br \/>\nKoka \u0161\u0137embas iesai\u0146ota ar Leartherette<br \/>\nOvearl garums 1140 mm (1165 mm ar \u0137abi)<br \/>\nAsmens garums 890mm<br \/>\nSvars 1525G (1940G ar SCABBARD)<\/p>\n","protected":false},"excerpt":{"rendered":"<p>Dekorat\u012bvs zobens (049cu) Dekorat\u012bvais zobens Iedvesmots no kara\u013ca Art\u016bra Excalibur zobena T\u0113rauda asmens Koka rokturis Koka \u0161\u0137embas iesai\u0146ota ar Leartherette<\/p>\n","protected":false},"featured_media":138834,"template":"","meta":{"_acf_changed":false},"product_brand":[],"product_cat":[1105,1311],"product_tag":[],"class_list":{"0":"post-140801","1":"product","2":"type-product","3":"status-publish","4":"has-post-thumbnail","6":"product_cat-cits","7":"product_cat-zobeni","9":"first","10":"instock","11":"purchasable","12":"product-type-simple"},"acf":[],"_links":{"self":[{"href":"https:\/\/kingarms.ee\/lv\/wp-json\/wp\/v2\/product\/140801","targetHints":{"allow":["GET"]}}],"collection":[{"href":"https:\/\/kingarms.ee\/lv\/wp-json\/wp\/v2\/product"}],"about":[{"href":"https:\/\/kingarms.ee\/lv\/wp-json\/wp\/v2\/types\/product"}],"wp:featuredmedia":[{"embeddable":true,"href":"https:\/\/kingarms.ee\/lv\/wp-json\/wp\/v2\/media\/138834"}],"wp:attachment":[{"href":"https:\/\/kingarms.ee\/lv\/wp-json\/wp\/v2\/media?parent=140801"}],"wp:term":[{"taxonomy":"product_brand","embeddable":true,"href":"https:\/\/kingarms.ee\/lv\/wp-json\/wp\/v2\/product_brand?post=140801"},{"taxonomy":"product_cat","embeddable":true,"href":"https:\/\/kingarms.ee\/lv\/wp-json\/wp\/v2\/product_cat?post=140801"},{"taxonomy":"product_tag","embeddable":true,"href":"https:\/\/kingarms.ee\/lv\/wp-json\/wp\/v2\/product_tag?post=140801"}],"curies":[{"name":"wp","href":"https:\/\/api.w.org\/{rel}","templated":true}]}}