{"id":140837,"date":"2024-12-06T16:38:30","date_gmt":"2024-12-07T16:26:38","guid":{"rendered":"https:\/\/kingarms.ee\/product\/dekorativa-fantazijas-zobens-zs685rd\/"},"modified":"2025-08-02T16:07:55","modified_gmt":"2025-08-02T13:07:55","slug":"dekorativa-fantasy-sword-zs685rd","status":"publish","type":"product","link":"https:\/\/kingarms.ee\/lv\/product\/dekorativa-fantasy-sword-zs685rd\/","title":{"rendered":"Dekorat\u012bv\u0101 fant\u0101zijas zobens (ZS685RD)"},"content":{"rendered":"<p>Dekorat\u012bv\u0101 fant\u0101zijas zobens (ZS685RD)<\/p>\n<p>Dekorat\u012bv\u0101 fant\u0101zijas zobens<br \/>\nIedvesmots no Ciri Zireael zobena<br \/>\nWitcher 3 s\u0113rija<br \/>\nT\u0113rauda asmens<br \/>\nMet\u0101la sargs un zin\u0101t<br \/>\nKoka \u0161\u0137emba<br \/>\nKop\u0113jais garums: 1270 mm<br \/>\nL\u0101psti\u0146as garums: 890mm<\/p>\n<p>Neass un nav asin\u0101ts Katana, tikai dekorat\u012bvos nol\u016bkos<br \/>\nL\u016bdzu, pirms pirk\u0161anas p\u0101rbaudiet savas valsts regulu<\/p>\n","protected":false},"excerpt":{"rendered":"<p>Dekorat\u012bv\u0101 fant\u0101zijas zobens (ZS685RD) Dekorat\u012bv\u0101 fant\u0101zijas zobens Iedvesmots no Ciri Zireael zobena Witcher 3 s\u0113rija T\u0113rauda asmens Met\u0101la sargs un<\/p>\n","protected":false},"featured_media":139656,"template":"","meta":{"_acf_changed":false},"product_brand":[],"product_cat":[1105,1311],"product_tag":[],"class_list":{"0":"post-140837","1":"product","2":"type-product","3":"status-publish","4":"has-post-thumbnail","6":"product_cat-cits","7":"product_cat-zobeni","9":"first","10":"instock","11":"purchasable","12":"product-type-simple"},"acf":[],"_links":{"self":[{"href":"https:\/\/kingarms.ee\/lv\/wp-json\/wp\/v2\/product\/140837","targetHints":{"allow":["GET"]}}],"collection":[{"href":"https:\/\/kingarms.ee\/lv\/wp-json\/wp\/v2\/product"}],"about":[{"href":"https:\/\/kingarms.ee\/lv\/wp-json\/wp\/v2\/types\/product"}],"wp:featuredmedia":[{"embeddable":true,"href":"https:\/\/kingarms.ee\/lv\/wp-json\/wp\/v2\/media\/139656"}],"wp:attachment":[{"href":"https:\/\/kingarms.ee\/lv\/wp-json\/wp\/v2\/media?parent=140837"}],"wp:term":[{"taxonomy":"product_brand","embeddable":true,"href":"https:\/\/kingarms.ee\/lv\/wp-json\/wp\/v2\/product_brand?post=140837"},{"taxonomy":"product_cat","embeddable":true,"href":"https:\/\/kingarms.ee\/lv\/wp-json\/wp\/v2\/product_cat?post=140837"},{"taxonomy":"product_tag","embeddable":true,"href":"https:\/\/kingarms.ee\/lv\/wp-json\/wp\/v2\/product_tag?post=140837"}],"curies":[{"name":"wp","href":"https:\/\/api.w.org\/{rel}","templated":true}]}}