{"id":140854,"date":"2024-12-06T16:38:30","date_gmt":"2024-12-07T16:31:11","guid":{"rendered":"https:\/\/kingarms.ee\/product\/dekorativa-fantazijas-duncis-zs1202\/"},"modified":"2025-08-02T16:11:20","modified_gmt":"2025-08-02T13:11:20","slug":"dekorativais-fantasy-dager-zs1202","status":"publish","type":"product","link":"https:\/\/kingarms.ee\/lv\/product\/dekorativais-fantasy-dager-zs1202\/","title":{"rendered":"Dekorat\u012bv\u0101 fant\u0101zijas duncis (ZS1202)"},"content":{"rendered":"<p>Dekorat\u012bv\u0101 fant\u0101zijas duncis (ZS1202)<\/p>\n<p>Dekorat\u012bv\u0101 fant\u0101zijas duncis<br \/>\nIedvesmots no Rub\u012bna na\u017ea<br \/>\nTV seri\u0101lu p\u0101rdabisks<br \/>\nMet\u0101la asmens un aizsargs<br \/>\nPlastmasas rokturis<br \/>\nKoka galda stends ir iek\u013cauts<br \/>\nAsmens garums 195 mm<br \/>\nKop\u0113jais garums 315 mm<br \/>\nSvars 270g<\/p>\n<p>Neass un nav asin\u0101ts asmens, tikai dekorat\u012bviem nol\u016bkiem<br \/>\nL\u016bdzu, pirms pirk\u0161anas p\u0101rbaudiet savas valsts regulu<\/p>\n","protected":false},"excerpt":{"rendered":"<p>Dekorat\u012bv\u0101 fant\u0101zijas duncis (ZS1202) Dekorat\u012bv\u0101 fant\u0101zijas duncis Iedvesmots no Rub\u012bna na\u017ea TV seri\u0101lu p\u0101rdabisks Met\u0101la asmens un aizsargs Plastmasas rokturis<\/p>\n","protected":false},"featured_media":139752,"template":"","meta":{"_acf_changed":false},"product_brand":[],"product_cat":[1105,1311],"product_tag":[],"class_list":{"0":"post-140854","1":"product","2":"type-product","3":"status-publish","4":"has-post-thumbnail","6":"product_cat-cits","7":"product_cat-zobeni","9":"first","10":"instock","11":"purchasable","12":"product-type-simple"},"acf":[],"_links":{"self":[{"href":"https:\/\/kingarms.ee\/lv\/wp-json\/wp\/v2\/product\/140854","targetHints":{"allow":["GET"]}}],"collection":[{"href":"https:\/\/kingarms.ee\/lv\/wp-json\/wp\/v2\/product"}],"about":[{"href":"https:\/\/kingarms.ee\/lv\/wp-json\/wp\/v2\/types\/product"}],"wp:featuredmedia":[{"embeddable":true,"href":"https:\/\/kingarms.ee\/lv\/wp-json\/wp\/v2\/media\/139752"}],"wp:attachment":[{"href":"https:\/\/kingarms.ee\/lv\/wp-json\/wp\/v2\/media?parent=140854"}],"wp:term":[{"taxonomy":"product_brand","embeddable":true,"href":"https:\/\/kingarms.ee\/lv\/wp-json\/wp\/v2\/product_brand?post=140854"},{"taxonomy":"product_cat","embeddable":true,"href":"https:\/\/kingarms.ee\/lv\/wp-json\/wp\/v2\/product_cat?post=140854"},{"taxonomy":"product_tag","embeddable":true,"href":"https:\/\/kingarms.ee\/lv\/wp-json\/wp\/v2\/product_tag?post=140854"}],"curies":[{"name":"wp","href":"https:\/\/api.w.org\/{rel}","templated":true}]}}