{"id":140861,"date":"2024-12-06T16:38:30","date_gmt":"2024-12-07T16:54:28","guid":{"rendered":"https:\/\/kingarms.ee\/product\/dekorativais-mini-zobens-zs680-mini\/"},"modified":"2025-08-02T16:12:56","modified_gmt":"2025-08-02T13:12:56","slug":"dekorativais-mini-sword-zs680-mini","status":"publish","type":"product","link":"https:\/\/kingarms.ee\/lv\/product\/dekorativais-mini-sword-zs680-mini\/","title":{"rendered":"Dekorat\u012bvais mini zobens (ZS680-Mini)"},"content":{"rendered":"<p>Dekorat\u012bvais mini zobens (ZS680-Mini)<\/p>\n<p>Dekorat\u012bvs mini zobens<br \/>\nIedvesmojoties no Obagai Iguro zobena<br \/>\nAnime s\u0113rija Kimetsu no Yaiba (Demon Slayer)<br \/>\nOglek\u013ca t\u0113rauda asmens<br \/>\nMet\u0101la tsuba<br \/>\nPlastmasa<br \/>\nLeterete smaci\u0146a<br \/>\nKop\u0113jais garums 450 mm<br \/>\nAsmens garums 290mm<br \/>\nSvars 192G (248 g ar \u0137abi)<\/p>\n<p>Neass un nav asin\u0101ts asmens, tikai dekorat\u012bviem nol\u016bkiem<br \/>\nL\u016bdzu, pirms pirk\u0161anas p\u0101rbaudiet savas valsts regulu<\/p>\n","protected":false},"excerpt":{"rendered":"<p>Dekorat\u012bvais mini zobens (ZS680-Mini) Dekorat\u012bvs mini zobens Iedvesmojoties no Obagai Iguro zobena Anime s\u0113rija Kimetsu no Yaiba (Demon Slayer) Oglek\u013ca<\/p>\n","protected":false},"featured_media":139638,"template":"","meta":{"_acf_changed":false},"product_brand":[],"product_cat":[1105,1311],"product_tag":[],"class_list":{"0":"post-140861","1":"product","2":"type-product","3":"status-publish","4":"has-post-thumbnail","6":"product_cat-cits","7":"product_cat-zobeni","9":"first","10":"instock","11":"purchasable","12":"product-type-simple"},"acf":[],"_links":{"self":[{"href":"https:\/\/kingarms.ee\/lv\/wp-json\/wp\/v2\/product\/140861","targetHints":{"allow":["GET"]}}],"collection":[{"href":"https:\/\/kingarms.ee\/lv\/wp-json\/wp\/v2\/product"}],"about":[{"href":"https:\/\/kingarms.ee\/lv\/wp-json\/wp\/v2\/types\/product"}],"wp:featuredmedia":[{"embeddable":true,"href":"https:\/\/kingarms.ee\/lv\/wp-json\/wp\/v2\/media\/139638"}],"wp:attachment":[{"href":"https:\/\/kingarms.ee\/lv\/wp-json\/wp\/v2\/media?parent=140861"}],"wp:term":[{"taxonomy":"product_brand","embeddable":true,"href":"https:\/\/kingarms.ee\/lv\/wp-json\/wp\/v2\/product_brand?post=140861"},{"taxonomy":"product_cat","embeddable":true,"href":"https:\/\/kingarms.ee\/lv\/wp-json\/wp\/v2\/product_cat?post=140861"},{"taxonomy":"product_tag","embeddable":true,"href":"https:\/\/kingarms.ee\/lv\/wp-json\/wp\/v2\/product_tag?post=140861"}],"curies":[{"name":"wp","href":"https:\/\/api.w.org\/{rel}","templated":true}]}}