{"id":140888,"date":"2024-12-06T16:38:08","date_gmt":"2024-12-07T17:59:45","guid":{"rendered":"https:\/\/kingarms.ee\/product\/dekorativais-zobens-zs698\/"},"modified":"2025-08-02T16:25:20","modified_gmt":"2025-08-02T13:25:20","slug":"dekorativais-varda-zs698","status":"publish","type":"product","link":"https:\/\/kingarms.ee\/lv\/product\/dekorativais-varda-zs698\/","title":{"rendered":"Dekorat\u012bvais zobens (ZS698)"},"content":{"rendered":"<p>Dekorat\u012bvais zobens (ZS698)<\/p>\n<p>Dekorat\u012bvais zobens<br \/>\nIedvesmots no MiSplitter zobena<br \/>\nGenshin trieciena s\u0113rija<br \/>\nT\u0113rauda asmens<br \/>\nMet\u0101la aizsargs un poga<br \/>\nKoka rokturis<br \/>\n\u0100das apvalks<br \/>\nKop\u0113jais garums 1080mm<br \/>\nAsmens garums 700 mm<br \/>\nSvars 1560G (1785G ar apvalku)<\/p>\n<p>Neass un nav asin\u0101ts asmens, tikai dekorat\u012bviem nol\u016bkiem<br \/>\nL\u016bdzu, pirms pirk\u0161anas p\u0101rbaudiet savas valsts regul\u0113jumu<\/p>\n","protected":false},"excerpt":{"rendered":"<p>Dekorat\u012bvais zobens (ZS698) Dekorat\u012bvais zobens Iedvesmots no MiSplitter zobena Genshin trieciena s\u0113rija T\u0113rauda asmens Met\u0101la aizsargs un poga Koka rokturis<\/p>\n","protected":false},"featured_media":139692,"template":"","meta":{"_acf_changed":false},"product_brand":[],"product_cat":[1105,1311],"product_tag":[],"class_list":{"0":"post-140888","1":"product","2":"type-product","3":"status-publish","4":"has-post-thumbnail","6":"product_cat-cits","7":"product_cat-zobeni","9":"first","10":"instock","11":"purchasable","12":"product-type-simple"},"acf":[],"_links":{"self":[{"href":"https:\/\/kingarms.ee\/lv\/wp-json\/wp\/v2\/product\/140888","targetHints":{"allow":["GET"]}}],"collection":[{"href":"https:\/\/kingarms.ee\/lv\/wp-json\/wp\/v2\/product"}],"about":[{"href":"https:\/\/kingarms.ee\/lv\/wp-json\/wp\/v2\/types\/product"}],"wp:featuredmedia":[{"embeddable":true,"href":"https:\/\/kingarms.ee\/lv\/wp-json\/wp\/v2\/media\/139692"}],"wp:attachment":[{"href":"https:\/\/kingarms.ee\/lv\/wp-json\/wp\/v2\/media?parent=140888"}],"wp:term":[{"taxonomy":"product_brand","embeddable":true,"href":"https:\/\/kingarms.ee\/lv\/wp-json\/wp\/v2\/product_brand?post=140888"},{"taxonomy":"product_cat","embeddable":true,"href":"https:\/\/kingarms.ee\/lv\/wp-json\/wp\/v2\/product_cat?post=140888"},{"taxonomy":"product_tag","embeddable":true,"href":"https:\/\/kingarms.ee\/lv\/wp-json\/wp\/v2\/product_tag?post=140888"}],"curies":[{"name":"wp","href":"https:\/\/api.w.org\/{rel}","templated":true}]}}