{"id":140895,"date":"2024-12-06T16:38:08","date_gmt":"2024-12-07T18:48:32","guid":{"rendered":"https:\/\/kingarms.ee\/product\/dekorativais-zobens-zs6026bk\/"},"modified":"2025-08-02T16:27:05","modified_gmt":"2025-08-02T13:27:05","slug":"dekorativais-word-zs6026bk","status":"publish","type":"product","link":"https:\/\/kingarms.ee\/lv\/product\/dekorativais-word-zs6026bk\/","title":{"rendered":"Dekorat\u012bvais zobens (ZS6026BK)"},"content":{"rendered":"<p>Dekorat\u012bvais zobens (ZS6026BK)<\/p>\n<p>Dekorat\u012bvais zobens<br \/>\nIedvesmots no tradicion\u0101l\u0101s Tang dinastijas zobena<br \/>\nT\u0113rauda asmens<br \/>\nMet\u0101la aizsargs un poga<br \/>\n\u0100das p\u0101rkl\u0101ts koka rokturis<br \/>\nKoka apvalks<br \/>\nAsmens garums 690mm<br \/>\nKop\u0113jais garums 960 mm (1030 mm ar apvalku)<br \/>\nSvars 825G (1095G ar apvalku)<\/p>\n<p>Neass un nav asin\u0101ts asmens, tikai dekorat\u012bviem nol\u016bkiem<br \/>\nL\u016bdzu, pirms pirk\u0161anas p\u0101rbaudiet savas valsts regul\u0113jumu<\/p>\n","protected":false},"excerpt":{"rendered":"<p>Dekorat\u012bvais zobens (ZS6026BK) Dekorat\u012bvais zobens Iedvesmots no tradicion\u0101l\u0101s Tang dinastijas zobena T\u0113rauda asmens Met\u0101la aizsargs un poga \u0100das p\u0101rkl\u0101ts koka<\/p>\n","protected":false},"featured_media":139848,"template":"","meta":{"_acf_changed":false},"product_brand":[],"product_cat":[1105,1311],"product_tag":[],"class_list":{"0":"post-140895","1":"product","2":"type-product","3":"status-publish","4":"has-post-thumbnail","6":"product_cat-cits","7":"product_cat-zobeni","9":"first","10":"instock","11":"purchasable","12":"product-type-simple"},"acf":[],"_links":{"self":[{"href":"https:\/\/kingarms.ee\/lv\/wp-json\/wp\/v2\/product\/140895","targetHints":{"allow":["GET"]}}],"collection":[{"href":"https:\/\/kingarms.ee\/lv\/wp-json\/wp\/v2\/product"}],"about":[{"href":"https:\/\/kingarms.ee\/lv\/wp-json\/wp\/v2\/types\/product"}],"wp:featuredmedia":[{"embeddable":true,"href":"https:\/\/kingarms.ee\/lv\/wp-json\/wp\/v2\/media\/139848"}],"wp:attachment":[{"href":"https:\/\/kingarms.ee\/lv\/wp-json\/wp\/v2\/media?parent=140895"}],"wp:term":[{"taxonomy":"product_brand","embeddable":true,"href":"https:\/\/kingarms.ee\/lv\/wp-json\/wp\/v2\/product_brand?post=140895"},{"taxonomy":"product_cat","embeddable":true,"href":"https:\/\/kingarms.ee\/lv\/wp-json\/wp\/v2\/product_cat?post=140895"},{"taxonomy":"product_tag","embeddable":true,"href":"https:\/\/kingarms.ee\/lv\/wp-json\/wp\/v2\/product_tag?post=140895"}],"curies":[{"name":"wp","href":"https:\/\/api.w.org\/{rel}","templated":true}]}}