{"id":140903,"date":"2024-12-06T16:38:08","date_gmt":"2024-12-07T19:37:00","guid":{"rendered":"https:\/\/kingarms.ee\/product\/dekorativa-fantazijas-zobens-zs673-2\/"},"modified":"2025-08-02T16:28:47","modified_gmt":"2025-08-02T13:28:47","slug":"dekorativa-fantazija-varda-zs673-2","status":"publish","type":"product","link":"https:\/\/kingarms.ee\/lv\/product\/dekorativa-fantazija-varda-zs673-2\/","title":{"rendered":"Dekorat\u012bv\u0101 fant\u0101zijas zobens (ZS673-2)"},"content":{"rendered":"<p>Dekorat\u012bv\u0101 fant\u0101zijas zobens (ZS673-2)<\/p>\n<p>Dekorat\u012bvais zobens<br \/>\nIedvesmojoties no Gryphon, Shanks Sabre<br \/>\nAnime Serie One Piece<br \/>\nT\u0113rauda asmens<br \/>\nKoka tsuka un ka\u0161\u0137a<br \/>\nKop\u0113jais garums 950 mm (1030 mm ar \u0137abi)<br \/>\nAsmens garums 675 mm<br \/>\nTsuka garums 280mm<\/p>\n<p>Neass un nav asin\u0101ts asmens, tikai dekorat\u012bviem nol\u016bkiem<br \/>\nL\u016bdzu, pirms pirk\u0161anas p\u0101rbaudiet savas valsts regulu<\/p>\n","protected":false},"excerpt":{"rendered":"<p>Dekorat\u012bv\u0101 fant\u0101zijas zobens (ZS673-2) Dekorat\u012bvais zobens Iedvesmojoties no Gryphon, Shanks Sabre Anime Serie One Piece T\u0113rauda asmens Koka tsuka un<\/p>\n","protected":false},"featured_media":139596,"template":"","meta":{"_acf_changed":false},"product_brand":[],"product_cat":[1105,1311],"product_tag":[],"class_list":{"0":"post-140903","1":"product","2":"type-product","3":"status-publish","4":"has-post-thumbnail","6":"product_cat-cits","7":"product_cat-zobeni","9":"first","10":"instock","11":"purchasable","12":"product-type-simple"},"acf":[],"_links":{"self":[{"href":"https:\/\/kingarms.ee\/lv\/wp-json\/wp\/v2\/product\/140903","targetHints":{"allow":["GET"]}}],"collection":[{"href":"https:\/\/kingarms.ee\/lv\/wp-json\/wp\/v2\/product"}],"about":[{"href":"https:\/\/kingarms.ee\/lv\/wp-json\/wp\/v2\/types\/product"}],"wp:featuredmedia":[{"embeddable":true,"href":"https:\/\/kingarms.ee\/lv\/wp-json\/wp\/v2\/media\/139596"}],"wp:attachment":[{"href":"https:\/\/kingarms.ee\/lv\/wp-json\/wp\/v2\/media?parent=140903"}],"wp:term":[{"taxonomy":"product_brand","embeddable":true,"href":"https:\/\/kingarms.ee\/lv\/wp-json\/wp\/v2\/product_brand?post=140903"},{"taxonomy":"product_cat","embeddable":true,"href":"https:\/\/kingarms.ee\/lv\/wp-json\/wp\/v2\/product_cat?post=140903"},{"taxonomy":"product_tag","embeddable":true,"href":"https:\/\/kingarms.ee\/lv\/wp-json\/wp\/v2\/product_tag?post=140903"}],"curies":[{"name":"wp","href":"https:\/\/api.w.org\/{rel}","templated":true}]}}