{"id":140927,"date":"2024-12-06T16:36:47","date_gmt":"2024-12-08T01:51:31","guid":{"rendered":"https:\/\/kingarms.ee\/product\/dekorativa-fantazijas-zobens-zs618\/"},"modified":"2025-08-02T17:29:19","modified_gmt":"2025-08-02T14:29:19","slug":"dekorativa-fantazija-varda-zs618","status":"publish","type":"product","link":"https:\/\/kingarms.ee\/lv\/product\/dekorativa-fantazija-varda-zs618\/","title":{"rendered":"Dekorat\u012bv\u0101 fant\u0101zijas zobens (ZS618)"},"content":{"rendered":"<p>Dekorat\u012bv\u0101 fant\u0101zijas zobens (ZS618)<\/p>\n<p>Dekorat\u012bv\u0101 fant\u0101zijas zobens<br \/>\nIedvesmojoties no Genji&#8217;s Muramasa zobena<br \/>\nOverwatch s\u0113rija<br \/>\nT\u0113rauda asmens<br \/>\nKoka apvalks un satv\u0113riens<br \/>\nMet\u0101la aizsargs un poga<br \/>\nKop\u0113jais garums 1020 mm (1130 mm ar apvalku)<br \/>\nAsmens garums 710mm<br \/>\nSvars 1530g (2110g ar apvalku)<\/p>\n<p>Nav asin\u0101ts un neass asmens, tikai dekorat\u012bviem nol\u016bkiem<br \/>\nL\u016bdzu, pirms pirk\u0161anas p\u0101rbaudiet savas valsts regulu<\/p>\n","protected":false},"excerpt":{"rendered":"<p>Dekorat\u012bv\u0101 fant\u0101zijas zobens (ZS618) Dekorat\u012bv\u0101 fant\u0101zijas zobens Iedvesmojoties no Genji&#8217;s Muramasa zobena Overwatch s\u0113rija T\u0113rauda asmens Koka apvalks un satv\u0113riens<\/p>\n","protected":false},"featured_media":139476,"template":"","meta":{"_acf_changed":false},"product_brand":[],"product_cat":[1105,1311],"product_tag":[],"class_list":{"0":"post-140927","1":"product","2":"type-product","3":"status-publish","4":"has-post-thumbnail","6":"product_cat-cits","7":"product_cat-zobeni","9":"first","10":"instock","11":"purchasable","12":"product-type-simple"},"acf":[],"_links":{"self":[{"href":"https:\/\/kingarms.ee\/lv\/wp-json\/wp\/v2\/product\/140927","targetHints":{"allow":["GET"]}}],"collection":[{"href":"https:\/\/kingarms.ee\/lv\/wp-json\/wp\/v2\/product"}],"about":[{"href":"https:\/\/kingarms.ee\/lv\/wp-json\/wp\/v2\/types\/product"}],"wp:featuredmedia":[{"embeddable":true,"href":"https:\/\/kingarms.ee\/lv\/wp-json\/wp\/v2\/media\/139476"}],"wp:attachment":[{"href":"https:\/\/kingarms.ee\/lv\/wp-json\/wp\/v2\/media?parent=140927"}],"wp:term":[{"taxonomy":"product_brand","embeddable":true,"href":"https:\/\/kingarms.ee\/lv\/wp-json\/wp\/v2\/product_brand?post=140927"},{"taxonomy":"product_cat","embeddable":true,"href":"https:\/\/kingarms.ee\/lv\/wp-json\/wp\/v2\/product_cat?post=140927"},{"taxonomy":"product_tag","embeddable":true,"href":"https:\/\/kingarms.ee\/lv\/wp-json\/wp\/v2\/product_tag?post=140927"}],"curies":[{"name":"wp","href":"https:\/\/api.w.org\/{rel}","templated":true}]}}