{"id":140949,"date":"2024-12-06T16:37:07","date_gmt":"2024-12-09T08:09:09","guid":{"rendered":"https:\/\/kingarms.ee\/product\/dekorativa-fantazijas-zobens-035a\/"},"modified":"2025-08-02T17:14:11","modified_gmt":"2025-08-02T14:14:11","slug":"dekorativa-fantazija-varda-035a","status":"publish","type":"product","link":"https:\/\/kingarms.ee\/lv\/product\/dekorativa-fantazija-varda-035a\/","title":{"rendered":"Dekorat\u012bv\u0101 fant\u0101zijas zobens (035A)"},"content":{"rendered":"<p>Dekorat\u012bv\u0101 fant\u0101zijas zobens (035A)<\/p>\n<p>Dekorat\u012bv\u0101 fant\u0101zijas zobens<br \/>\nIedvesmots no Arwen zobena<br \/>\nGredzenu pav\u0113lnieks s\u0113rija<br \/>\nT\u0113rauda izliekts asmens ar grav\u0113jumiem<br \/>\nMet\u0101la poga<br \/>\nKoka rokturis<br \/>\nKop\u0113jais garums 950 mm<br \/>\nAsmens garums 750 mm<br \/>\nSvars 910g<\/p>\n<p>Neass un nav asin\u0101ts asmens, tikai dekorat\u012bviem nol\u016bkiem<br \/>\nL\u016bdzu, pirms pirk\u0161anas p\u0101rbaudiet savas valsts regulu<\/p>\n","protected":false},"excerpt":{"rendered":"<p>Dekorat\u012bv\u0101 fant\u0101zijas zobens (035A) Dekorat\u012bv\u0101 fant\u0101zijas zobens Iedvesmots no Arwen zobena Gredzenu pav\u0113lnieks s\u0113rija T\u0113rauda izliekts asmens ar grav\u0113jumiem Met\u0101la<\/p>\n","protected":false},"featured_media":138816,"template":"","meta":{"_acf_changed":false},"product_brand":[],"product_cat":[1105,1311],"product_tag":[],"class_list":{"0":"post-140949","1":"product","2":"type-product","3":"status-publish","4":"has-post-thumbnail","6":"product_cat-cits","7":"product_cat-zobeni","9":"first","10":"instock","11":"purchasable","12":"product-type-simple"},"acf":[],"_links":{"self":[{"href":"https:\/\/kingarms.ee\/lv\/wp-json\/wp\/v2\/product\/140949","targetHints":{"allow":["GET"]}}],"collection":[{"href":"https:\/\/kingarms.ee\/lv\/wp-json\/wp\/v2\/product"}],"about":[{"href":"https:\/\/kingarms.ee\/lv\/wp-json\/wp\/v2\/types\/product"}],"wp:featuredmedia":[{"embeddable":true,"href":"https:\/\/kingarms.ee\/lv\/wp-json\/wp\/v2\/media\/138816"}],"wp:attachment":[{"href":"https:\/\/kingarms.ee\/lv\/wp-json\/wp\/v2\/media?parent=140949"}],"wp:term":[{"taxonomy":"product_brand","embeddable":true,"href":"https:\/\/kingarms.ee\/lv\/wp-json\/wp\/v2\/product_brand?post=140949"},{"taxonomy":"product_cat","embeddable":true,"href":"https:\/\/kingarms.ee\/lv\/wp-json\/wp\/v2\/product_cat?post=140949"},{"taxonomy":"product_tag","embeddable":true,"href":"https:\/\/kingarms.ee\/lv\/wp-json\/wp\/v2\/product_tag?post=140949"}],"curies":[{"name":"wp","href":"https:\/\/api.w.org\/{rel}","templated":true}]}}