{"id":140953,"date":"2024-12-06T16:36:47","date_gmt":"2024-12-09T08:09:22","guid":{"rendered":"https:\/\/kingarms.ee\/product\/dekorativais-zobens-zs222\/"},"modified":"2025-08-02T17:30:15","modified_gmt":"2025-08-02T14:30:15","slug":"ornamental-sword-zs222","status":"publish","type":"product","link":"https:\/\/kingarms.ee\/lv\/product\/ornamental-sword-zs222\/","title":{"rendered":"Dekorat\u012bvais zobens (ZS222)"},"content":{"rendered":"<p>Dekorat\u012bvais zobens (ZS222)<\/p>\n<p>Dekorat\u012bvais zobens<br \/>\nIedvesmojoties no asme\u0146u zobena<br \/>\nFilmu s\u0113rijas asmens<br \/>\nT\u0113rauda asmens<br \/>\nKoka \u0161\u0137embas un rokturis<br \/>\nPlastmasas un neilona regul\u0113jama mugura, kas p\u0101rvad\u0101 zirglietas ar \u0101tr\u0101m atdal\u012bt\u0101m spr\u0101dz\u0113m<br \/>\nBlade Lenght 660mm<br \/>\nKopum\u0101 Lenght 860mm (935 ar Scabbard)<br \/>\nSvars 760G (1330G ar Scabbard)<\/p>\n<p>Nav asin\u0101ts un neass asmens, tikai dekorat\u012bviem nol\u016bkiem<br \/>\nL\u016bdzu, pirms pirk\u0161anas p\u0101rbaudiet savas valsts regulu<\/p>\n","protected":false},"excerpt":{"rendered":"<p>Dekorat\u012bvais zobens (ZS222) Dekorat\u012bvais zobens Iedvesmojoties no asme\u0146u zobena Filmu s\u0113rijas asmens T\u0113rauda asmens Koka \u0161\u0137embas un rokturis Plastmasas un<\/p>\n","protected":false},"featured_media":139362,"template":"","meta":{"_acf_changed":false},"product_brand":[],"product_cat":[1105,1311],"product_tag":[],"class_list":{"0":"post-140953","1":"product","2":"type-product","3":"status-publish","4":"has-post-thumbnail","6":"product_cat-cits","7":"product_cat-zobeni","9":"first","10":"instock","11":"purchasable","12":"product-type-simple"},"acf":[],"_links":{"self":[{"href":"https:\/\/kingarms.ee\/lv\/wp-json\/wp\/v2\/product\/140953","targetHints":{"allow":["GET"]}}],"collection":[{"href":"https:\/\/kingarms.ee\/lv\/wp-json\/wp\/v2\/product"}],"about":[{"href":"https:\/\/kingarms.ee\/lv\/wp-json\/wp\/v2\/types\/product"}],"wp:featuredmedia":[{"embeddable":true,"href":"https:\/\/kingarms.ee\/lv\/wp-json\/wp\/v2\/media\/139362"}],"wp:attachment":[{"href":"https:\/\/kingarms.ee\/lv\/wp-json\/wp\/v2\/media?parent=140953"}],"wp:term":[{"taxonomy":"product_brand","embeddable":true,"href":"https:\/\/kingarms.ee\/lv\/wp-json\/wp\/v2\/product_brand?post=140953"},{"taxonomy":"product_cat","embeddable":true,"href":"https:\/\/kingarms.ee\/lv\/wp-json\/wp\/v2\/product_cat?post=140953"},{"taxonomy":"product_tag","embeddable":true,"href":"https:\/\/kingarms.ee\/lv\/wp-json\/wp\/v2\/product_tag?post=140953"}],"curies":[{"name":"wp","href":"https:\/\/api.w.org\/{rel}","templated":true}]}}