{"id":140958,"date":"2024-12-06T16:36:47","date_gmt":"2024-12-09T08:12:14","guid":{"rendered":"https:\/\/kingarms.ee\/product\/dekorativa-fantazijas-zobens-zs642\/"},"modified":"2025-08-02T17:31:02","modified_gmt":"2025-08-02T14:31:02","slug":"ornamental-fantasy-sword-zs642","status":"publish","type":"product","link":"https:\/\/kingarms.ee\/lv\/product\/ornamental-fantasy-sword-zs642\/","title":{"rendered":"Dekorat\u012bv\u0101 fant\u0101zijas zobens (ZS642)"},"content":{"rendered":"<p>Dekorat\u012bv\u0101 fant\u0101zijas zobens (ZS642)<\/p>\n<p>Dekorat\u012bv\u0101 fant\u0101zijas zobens<br \/>\nIedvesmojoties no D\u017eeralta Di Rivijas zobena<br \/>\nFant\u0101zijas s\u0113rija: The Witcher 3: Wild Hunter<br \/>\nNer\u016bs\u0113jo\u0161\u0101 t\u0113rauda asmens<br \/>\nKoks ar met\u0101la deta\u013c\u0101m Scabbard<br \/>\nMet\u0101la pommels un aizsargs<br \/>\nKoka sa\u0137ere<br \/>\nKop\u0113jais garums 1200 mm (1300 mm ar \u0137abi)<br \/>\nL\u0101psti\u0146as garums 900 mm<br \/>\nSvars 1400G (1800G ar SCABBARD)<\/p>\n<p>Neass un nav asin\u0101ts asmens, tikai dekorat\u012bviem nol\u016bkiem<br \/>\nL\u016bdzu, pirms pirk\u0161anas p\u0101rbaudiet savas valsts regul\u0113jumu<\/p>\n","protected":false},"excerpt":{"rendered":"<p>Dekorat\u012bv\u0101 fant\u0101zijas zobens (ZS642) Dekorat\u012bv\u0101 fant\u0101zijas zobens Iedvesmojoties no D\u017eeralta Di Rivijas zobena Fant\u0101zijas s\u0113rija: The Witcher 3: Wild Hunter<\/p>\n","protected":false},"featured_media":139542,"template":"","meta":{"_acf_changed":false},"product_brand":[],"product_cat":[1105,1311],"product_tag":[],"class_list":{"0":"post-140958","1":"product","2":"type-product","3":"status-publish","4":"has-post-thumbnail","6":"product_cat-cits","7":"product_cat-zobeni","9":"first","10":"instock","11":"purchasable","12":"product-type-simple"},"acf":[],"_links":{"self":[{"href":"https:\/\/kingarms.ee\/lv\/wp-json\/wp\/v2\/product\/140958","targetHints":{"allow":["GET"]}}],"collection":[{"href":"https:\/\/kingarms.ee\/lv\/wp-json\/wp\/v2\/product"}],"about":[{"href":"https:\/\/kingarms.ee\/lv\/wp-json\/wp\/v2\/types\/product"}],"wp:featuredmedia":[{"embeddable":true,"href":"https:\/\/kingarms.ee\/lv\/wp-json\/wp\/v2\/media\/139542"}],"wp:attachment":[{"href":"https:\/\/kingarms.ee\/lv\/wp-json\/wp\/v2\/media?parent=140958"}],"wp:term":[{"taxonomy":"product_brand","embeddable":true,"href":"https:\/\/kingarms.ee\/lv\/wp-json\/wp\/v2\/product_brand?post=140958"},{"taxonomy":"product_cat","embeddable":true,"href":"https:\/\/kingarms.ee\/lv\/wp-json\/wp\/v2\/product_cat?post=140958"},{"taxonomy":"product_tag","embeddable":true,"href":"https:\/\/kingarms.ee\/lv\/wp-json\/wp\/v2\/product_tag?post=140958"}],"curies":[{"name":"wp","href":"https:\/\/api.w.org\/{rel}","templated":true}]}}