{"id":140959,"date":"2024-12-06T16:36:47","date_gmt":"2024-12-09T08:12:15","guid":{"rendered":"https:\/\/kingarms.ee\/product\/fantazijas-dekorativais-zobens-zs557bk\/"},"modified":"2025-08-02T17:31:52","modified_gmt":"2025-08-02T14:31:52","slug":"fantasy-ornamental-sword-zs557bk","status":"publish","type":"product","link":"https:\/\/kingarms.ee\/lv\/product\/fantasy-ornamental-sword-zs557bk\/","title":{"rendered":"Fant\u0101zijas dekorat\u012bvais zobens (ZS557BK)"},"content":{"rendered":"<p>Fant\u0101zijas dekorat\u012bvais zobens (ZS557BK)<\/p>\n<p>Fant\u0101zijas dekorat\u012bvais zobens (ZS557)<br \/>\nIedvesmojoties no Dark Link meln\u0101 meistara zobena<br \/>\nLe\u0123enda par Zelda Skyward zobenu s\u0113riju<br \/>\nMelns rokturis<br \/>\nT\u0113rauda asmens<br \/>\nKoka melns kn\u0101bis<br \/>\nAsmens garums 645 mm<br \/>\nKop\u0113jais garums 885 mm (995 mm ar \u0161\u0137embu)<br \/>\nSvars 870G (1155G ar \u0161\u0137embu)<\/p>\n<p>Nav nor\u0101d\u012bts un nav asin\u0101ts zobens, tikai dekorat\u012bvos nol\u016bkos<br \/>\nL\u016bdzu, pirms pirk\u0161anas p\u0101rbaudiet savas valsts regulu<\/p>\n","protected":false},"excerpt":{"rendered":"<p>Fant\u0101zijas dekorat\u012bvais zobens (ZS557BK) Fant\u0101zijas dekorat\u012bvais zobens (ZS557) Iedvesmojoties no Dark Link meln\u0101 meistara zobena Le\u0123enda par Zelda Skyward zobenu<\/p>\n","protected":false},"featured_media":139434,"template":"","meta":{"_acf_changed":false},"product_brand":[],"product_cat":[1105,1311],"product_tag":[],"class_list":{"0":"post-140959","1":"product","2":"type-product","3":"status-publish","4":"has-post-thumbnail","6":"product_cat-cits","7":"product_cat-zobeni","9":"first","10":"instock","11":"purchasable","12":"product-type-simple"},"acf":[],"_links":{"self":[{"href":"https:\/\/kingarms.ee\/lv\/wp-json\/wp\/v2\/product\/140959","targetHints":{"allow":["GET"]}}],"collection":[{"href":"https:\/\/kingarms.ee\/lv\/wp-json\/wp\/v2\/product"}],"about":[{"href":"https:\/\/kingarms.ee\/lv\/wp-json\/wp\/v2\/types\/product"}],"wp:featuredmedia":[{"embeddable":true,"href":"https:\/\/kingarms.ee\/lv\/wp-json\/wp\/v2\/media\/139434"}],"wp:attachment":[{"href":"https:\/\/kingarms.ee\/lv\/wp-json\/wp\/v2\/media?parent=140959"}],"wp:term":[{"taxonomy":"product_brand","embeddable":true,"href":"https:\/\/kingarms.ee\/lv\/wp-json\/wp\/v2\/product_brand?post=140959"},{"taxonomy":"product_cat","embeddable":true,"href":"https:\/\/kingarms.ee\/lv\/wp-json\/wp\/v2\/product_cat?post=140959"},{"taxonomy":"product_tag","embeddable":true,"href":"https:\/\/kingarms.ee\/lv\/wp-json\/wp\/v2\/product_tag?post=140959"}],"curies":[{"name":"wp","href":"https:\/\/api.w.org\/{rel}","templated":true}]}}