{"id":140971,"date":"2023-12-05T18:02:57","date_gmt":"2024-12-09T08:20:42","guid":{"rendered":"https:\/\/kingarms.ee\/product\/skk-ar-vairaku-riku-nazi-cw-k22\/"},"modified":"2025-08-03T14:18:37","modified_gmt":"2025-08-03T11:18:37","slug":"sck-mitmetooriistaga-nuga-cw-k22","status":"publish","type":"product","link":"https:\/\/kingarms.ee\/lv\/product\/sck-mitmetooriistaga-nuga-cw-k22\/","title":{"rendered":"SKK ar vair\u0101ku r\u012bku nazi (CW-K22)"},"content":{"rendered":"<p><img loading=\"lazy\" decoding=\"async\" class=\"alignnone size-full wp-image-85565\" src=\"https:\/\/kingarms.ee\/wp-content\/uploads\/2023\/12\/sck-multi-tool-knife-cw-k22.jpeg\" alt=\"\" width=\"1000\" height=\"1000\" srcset=\"https:\/\/kingarms.ee\/wp-content\/uploads\/2023\/12\/sck-multi-tool-knife-cw-k22.jpeg 1000w, https:\/\/kingarms.ee\/wp-content\/uploads\/2023\/12\/sck-multi-tool-knife-cw-k22-300x300.jpeg 300w, https:\/\/kingarms.ee\/wp-content\/uploads\/2023\/12\/sck-multi-tool-knife-cw-k22-150x150.jpeg 150w, https:\/\/kingarms.ee\/wp-content\/uploads\/2023\/12\/sck-multi-tool-knife-cw-k22-768x768.jpeg 768w, https:\/\/kingarms.ee\/wp-content\/uploads\/2023\/12\/sck-multi-tool-knife-cw-k22-500x500.jpeg 500w\" sizes=\"auto, (max-width: 1000px) 100vw, 1000px\" \/><\/p>\n","protected":false},"excerpt":{"rendered":"<p>SKK ar vair\u0101ku r\u012bku nazi (CW-K22)<\/p>\n<p>Vair\u0101ku instrumentu nazis<br \/>\nGarums 99 mm aizv\u0113rts<br \/>\nSvars 135gr<br \/>\nMateri\u0101ls<br \/>\nNazis, konserv\u0113tas niedru, \u0161\u0137\u0113res, z\u0101\u0123is, zivju skala, \u0101\u0137a no\u0146em\u0161anas l\u012bdzeklis, pudeles niedru, skr\u016bvgriezis<\/p>\n","protected":false},"featured_media":131324,"template":"","meta":{"_acf_changed":false},"product_brand":[],"product_cat":[991],"product_tag":[],"class_list":{"0":"post-140971","1":"product","2":"type-product","3":"status-publish","4":"has-post-thumbnail","6":"product_cat-nazi","8":"first","9":"instock","10":"taxable","11":"shipping-taxable","12":"purchasable","13":"product-type-simple"},"acf":[],"_links":{"self":[{"href":"https:\/\/kingarms.ee\/lv\/wp-json\/wp\/v2\/product\/140971","targetHints":{"allow":["GET"]}}],"collection":[{"href":"https:\/\/kingarms.ee\/lv\/wp-json\/wp\/v2\/product"}],"about":[{"href":"https:\/\/kingarms.ee\/lv\/wp-json\/wp\/v2\/types\/product"}],"wp:featuredmedia":[{"embeddable":true,"href":"https:\/\/kingarms.ee\/lv\/wp-json\/wp\/v2\/media\/131324"}],"wp:attachment":[{"href":"https:\/\/kingarms.ee\/lv\/wp-json\/wp\/v2\/media?parent=140971"}],"wp:term":[{"taxonomy":"product_brand","embeddable":true,"href":"https:\/\/kingarms.ee\/lv\/wp-json\/wp\/v2\/product_brand?post=140971"},{"taxonomy":"product_cat","embeddable":true,"href":"https:\/\/kingarms.ee\/lv\/wp-json\/wp\/v2\/product_cat?post=140971"},{"taxonomy":"product_tag","embeddable":true,"href":"https:\/\/kingarms.ee\/lv\/wp-json\/wp\/v2\/product_tag?post=140971"}],"curies":[{"name":"wp","href":"https:\/\/api.w.org\/{rel}","templated":true}]}}