{"id":140972,"date":"2023-12-05T17:53:47","date_gmt":"2024-12-09T08:20:44","guid":{"rendered":"https:\/\/kingarms.ee\/product\/skk-ar-pavadu-cw-832-2\/"},"modified":"2025-08-03T14:20:15","modified_gmt":"2025-08-03T11:20:15","slug":"sck-rihmanuga-cw-832-2","status":"publish","type":"product","link":"https:\/\/kingarms.ee\/lv\/product\/sck-rihmanuga-cw-832-2\/","title":{"rendered":"SKK ar pavadu (CW-832-2)"},"content":{"rendered":"<p><img loading=\"lazy\" decoding=\"async\" class=\"alignnone size-full wp-image-85538\" src=\"https:\/\/kingarms.ee\/wp-content\/uploads\/2023\/12\/belt-knife-cw-832-2.jpeg\" alt=\"\" width=\"1000\" height=\"1000\" srcset=\"https:\/\/kingarms.ee\/wp-content\/uploads\/2023\/12\/belt-knife-cw-832-2.jpeg 1000w, https:\/\/kingarms.ee\/wp-content\/uploads\/2023\/12\/belt-knife-cw-832-2-300x300.jpeg 300w, https:\/\/kingarms.ee\/wp-content\/uploads\/2023\/12\/belt-knife-cw-832-2-150x150.jpeg 150w, https:\/\/kingarms.ee\/wp-content\/uploads\/2023\/12\/belt-knife-cw-832-2-768x768.jpeg 768w, https:\/\/kingarms.ee\/wp-content\/uploads\/2023\/12\/belt-knife-cw-832-2-500x500.jpeg 500w\" sizes=\"auto, (max-width: 1000px) 100vw, 1000px\" \/><\/p>\n","protected":false},"excerpt":{"rendered":"<p>SKK ar pavadu (CW-832-2)<\/p>\n<p>Viduklis<br \/>\nNer\u016bs\u0113jo\u0161a melna asmens<br \/>\nPolim\u0113ra gumijas olidrab handpit<br \/>\nCietas polim\u0113ru rokas ar aug\u0161stilbiem un skavu<br \/>\nAsmens garums 110 mm<br \/>\nSvars: 100 g<\/p>\n","protected":false},"featured_media":131314,"template":"","meta":{"_acf_changed":false},"product_brand":[],"product_cat":[991],"product_tag":[],"class_list":{"0":"post-140972","1":"product","2":"type-product","3":"status-publish","4":"has-post-thumbnail","6":"product_cat-nazi","8":"first","9":"instock","10":"taxable","11":"shipping-taxable","12":"purchasable","13":"product-type-simple"},"acf":[],"_links":{"self":[{"href":"https:\/\/kingarms.ee\/lv\/wp-json\/wp\/v2\/product\/140972","targetHints":{"allow":["GET"]}}],"collection":[{"href":"https:\/\/kingarms.ee\/lv\/wp-json\/wp\/v2\/product"}],"about":[{"href":"https:\/\/kingarms.ee\/lv\/wp-json\/wp\/v2\/types\/product"}],"wp:featuredmedia":[{"embeddable":true,"href":"https:\/\/kingarms.ee\/lv\/wp-json\/wp\/v2\/media\/131314"}],"wp:attachment":[{"href":"https:\/\/kingarms.ee\/lv\/wp-json\/wp\/v2\/media?parent=140972"}],"wp:term":[{"taxonomy":"product_brand","embeddable":true,"href":"https:\/\/kingarms.ee\/lv\/wp-json\/wp\/v2\/product_brand?post=140972"},{"taxonomy":"product_cat","embeddable":true,"href":"https:\/\/kingarms.ee\/lv\/wp-json\/wp\/v2\/product_cat?post=140972"},{"taxonomy":"product_tag","embeddable":true,"href":"https:\/\/kingarms.ee\/lv\/wp-json\/wp\/v2\/product_tag?post=140972"}],"curies":[{"name":"wp","href":"https:\/\/api.w.org\/{rel}","templated":true}]}}