{"id":140979,"date":"2024-12-06T16:38:47","date_gmt":"2024-12-09T08:21:43","guid":{"rendered":"https:\/\/kingarms.ee\/product\/dekorativa-fantazijas-zobens-zs667\/"},"modified":"2025-08-02T16:05:30","modified_gmt":"2025-08-02T13:05:30","slug":"ornamental-fantasy-sword-zs667","status":"publish","type":"product","link":"https:\/\/kingarms.ee\/lv\/product\/ornamental-fantasy-sword-zs667\/","title":{"rendered":"Dekorat\u012bv\u0101 fant\u0101zijas zobens (ZS667)"},"content":{"rendered":"<p>Dekorat\u012bv\u0101 fant\u0101zijas zobens (ZS667)<\/p>\n<p>Dekorat\u012bv\u0101 fant\u0101zijas zobens<br \/>\nIedvesmojoties no Lizas zobena<br \/>\nAnime s\u0113rija Septi\u0146i n\u0101v\u0113jo\u0161ie gr\u0113ki (Nanatsu no Taizai)<br \/>\nOglek\u013ca t\u0113rauda asmens<br \/>\nMet\u0101la sargs un pommels<br \/>\nKoka sa\u0137ere<br \/>\nKoks ar met\u0101la deta\u013c\u0101m Scabbard<br \/>\nKop\u0113jais garums 620 mm (750 mm ar \u0137abi)<br \/>\nAsmens garums 410mm<br \/>\nSvars 960G (1400G ar \u0137abis)<\/p>\n<p>Neass un nav asin\u0101ts asmens, tikai dekorat\u012bviem nol\u016bkiem<br \/>\nL\u016bdzu, pirms pirk\u0161anas p\u0101rbaudiet savas valsts regul\u0113jumu<\/p>\n","protected":false},"excerpt":{"rendered":"<p>Dekorat\u012bv\u0101 fant\u0101zijas zobens (ZS667) Dekorat\u012bv\u0101 fant\u0101zijas zobens Iedvesmojoties no Lizas zobena Anime s\u0113rija Septi\u0146i n\u0101v\u0113jo\u0161ie gr\u0113ki (Nanatsu no Taizai) Oglek\u013ca<\/p>\n","protected":false},"featured_media":139578,"template":"","meta":{"_acf_changed":false},"product_brand":[],"product_cat":[1105,1311],"product_tag":[],"class_list":{"0":"post-140979","1":"product","2":"type-product","3":"status-publish","4":"has-post-thumbnail","6":"product_cat-cits","7":"product_cat-zobeni","9":"first","10":"instock","11":"purchasable","12":"product-type-simple"},"acf":[],"_links":{"self":[{"href":"https:\/\/kingarms.ee\/lv\/wp-json\/wp\/v2\/product\/140979","targetHints":{"allow":["GET"]}}],"collection":[{"href":"https:\/\/kingarms.ee\/lv\/wp-json\/wp\/v2\/product"}],"about":[{"href":"https:\/\/kingarms.ee\/lv\/wp-json\/wp\/v2\/types\/product"}],"wp:featuredmedia":[{"embeddable":true,"href":"https:\/\/kingarms.ee\/lv\/wp-json\/wp\/v2\/media\/139578"}],"wp:attachment":[{"href":"https:\/\/kingarms.ee\/lv\/wp-json\/wp\/v2\/media?parent=140979"}],"wp:term":[{"taxonomy":"product_brand","embeddable":true,"href":"https:\/\/kingarms.ee\/lv\/wp-json\/wp\/v2\/product_brand?post=140979"},{"taxonomy":"product_cat","embeddable":true,"href":"https:\/\/kingarms.ee\/lv\/wp-json\/wp\/v2\/product_cat?post=140979"},{"taxonomy":"product_tag","embeddable":true,"href":"https:\/\/kingarms.ee\/lv\/wp-json\/wp\/v2\/product_tag?post=140979"}],"curies":[{"name":"wp","href":"https:\/\/api.w.org\/{rel}","templated":true}]}}