{"id":140980,"date":"2024-12-06T16:38:47","date_gmt":"2024-12-09T08:21:43","guid":{"rendered":"https:\/\/kingarms.ee\/product\/dekorativa-fantazijas-zobens-zs647\/"},"modified":"2025-08-02T16:06:16","modified_gmt":"2025-08-02T13:06:16","slug":"ornamental-fantasy-sword-zs647","status":"publish","type":"product","link":"https:\/\/kingarms.ee\/lv\/product\/ornamental-fantasy-sword-zs647\/","title":{"rendered":"Dekorat\u012bv\u0101 fant\u0101zijas zobens (ZS647)"},"content":{"rendered":"<p>Dekorat\u012bv\u0101 fant\u0101zijas zobens (ZS647)<\/p>\n<p>Dekorat\u012bv\u0101 fant\u0101zijas zobens<br \/>\nIedvesmojoties no Lan Wangji putek\u013ciem, izvairoties no zobena<br \/>\nAnime s\u0113rija Mo Dao Zu Shi (d\u0113monisk\u0101s kultiv\u0113\u0161anas vecm\u0101mi\u0146a)<br \/>\nOglek\u013ca t\u0113rauda asmens<br \/>\nMet\u0101la sargs un pommels<br \/>\nPlastmasa<br \/>\nKop\u0113jais garums 1050 mm (1160 mm ar \u0137abi)<br \/>\nAsmens garums 770mm<br \/>\nSvars 1140G (1580G ar \u0137abis)<\/p>\n<p>Neass un nav asin\u0101ts asmens, tikai dekorat\u012bviem nol\u016bkiem<br \/>\nL\u016bdzu, pirms pirk\u0161anas p\u0101rbaudiet savas valsts regul\u0113jumu<\/p>\n","protected":false},"excerpt":{"rendered":"<p>Dekorat\u012bv\u0101 fant\u0101zijas zobens (ZS647) Dekorat\u012bv\u0101 fant\u0101zijas zobens Iedvesmojoties no Lan Wangji putek\u013ciem, izvairoties no zobena Anime s\u0113rija Mo Dao Zu<\/p>\n","protected":false},"featured_media":139566,"template":"","meta":{"_acf_changed":false},"product_brand":[],"product_cat":[1105,1311],"product_tag":[],"class_list":{"0":"post-140980","1":"product","2":"type-product","3":"status-publish","4":"has-post-thumbnail","6":"product_cat-cits","7":"product_cat-zobeni","9":"first","10":"instock","11":"purchasable","12":"product-type-simple"},"acf":[],"_links":{"self":[{"href":"https:\/\/kingarms.ee\/lv\/wp-json\/wp\/v2\/product\/140980","targetHints":{"allow":["GET"]}}],"collection":[{"href":"https:\/\/kingarms.ee\/lv\/wp-json\/wp\/v2\/product"}],"about":[{"href":"https:\/\/kingarms.ee\/lv\/wp-json\/wp\/v2\/types\/product"}],"wp:featuredmedia":[{"embeddable":true,"href":"https:\/\/kingarms.ee\/lv\/wp-json\/wp\/v2\/media\/139566"}],"wp:attachment":[{"href":"https:\/\/kingarms.ee\/lv\/wp-json\/wp\/v2\/media?parent=140980"}],"wp:term":[{"taxonomy":"product_brand","embeddable":true,"href":"https:\/\/kingarms.ee\/lv\/wp-json\/wp\/v2\/product_brand?post=140980"},{"taxonomy":"product_cat","embeddable":true,"href":"https:\/\/kingarms.ee\/lv\/wp-json\/wp\/v2\/product_cat?post=140980"},{"taxonomy":"product_tag","embeddable":true,"href":"https:\/\/kingarms.ee\/lv\/wp-json\/wp\/v2\/product_tag?post=140980"}],"curies":[{"name":"wp","href":"https:\/\/api.w.org\/{rel}","templated":true}]}}