{"id":140982,"date":"2024-12-06T16:38:47","date_gmt":"2024-12-09T08:21:44","guid":{"rendered":"https:\/\/kingarms.ee\/product\/dekorativa-fantazijas-zobens-zs649\/"},"modified":"2025-08-02T16:07:05","modified_gmt":"2025-08-02T13:07:05","slug":"dekorativa-fantazija-varda-zs649","status":"publish","type":"product","link":"https:\/\/kingarms.ee\/lv\/product\/dekorativa-fantazija-varda-zs649\/","title":{"rendered":"Dekorat\u012bv\u0101 fant\u0101zijas zobens (ZS649)"},"content":{"rendered":"<p>Dekorat\u012bv\u0101 fant\u0101zijas zobens (ZS649)<\/p>\n<p>Dekorat\u012bv\u0101 fant\u0101zijas zobens<br \/>\nIedvesmojoties no Ronina &#8211; Hawkeye zobens<br \/>\nS\u0113rija Avengers<br \/>\nOglek\u013ca t\u0113rauda asmens<br \/>\nMet\u0101la kalts<br \/>\nLeatherette Scabbard<br \/>\nKop\u0113jais garums 975 mm (1000 mm ar \u0137abi)<br \/>\nAsmens garums 750 mm<br \/>\nSvars 1140G (1300G ar \u0137abi)<\/p>\n<p>Neass un nav asin\u0101ts asmens, tikai dekorat\u012bviem nol\u016bkiem<br \/>\nL\u016bdzu, pirms pirk\u0161anas p\u0101rbaudiet savas valsts regul\u0113jumu<\/p>\n","protected":false},"excerpt":{"rendered":"<p>Dekorat\u012bv\u0101 fant\u0101zijas zobens (ZS649) Dekorat\u012bv\u0101 fant\u0101zijas zobens Iedvesmojoties no Ronina &#8211; Hawkeye zobens S\u0113rija Avengers Oglek\u013ca t\u0113rauda asmens Met\u0101la kalts<\/p>\n","protected":false},"featured_media":139572,"template":"","meta":{"_acf_changed":false},"product_brand":[],"product_cat":[1105,1311],"product_tag":[],"class_list":{"0":"post-140982","1":"product","2":"type-product","3":"status-publish","4":"has-post-thumbnail","6":"product_cat-cits","7":"product_cat-zobeni","9":"first","10":"instock","11":"purchasable","12":"product-type-simple"},"acf":[],"_links":{"self":[{"href":"https:\/\/kingarms.ee\/lv\/wp-json\/wp\/v2\/product\/140982","targetHints":{"allow":["GET"]}}],"collection":[{"href":"https:\/\/kingarms.ee\/lv\/wp-json\/wp\/v2\/product"}],"about":[{"href":"https:\/\/kingarms.ee\/lv\/wp-json\/wp\/v2\/types\/product"}],"wp:featuredmedia":[{"embeddable":true,"href":"https:\/\/kingarms.ee\/lv\/wp-json\/wp\/v2\/media\/139572"}],"wp:attachment":[{"href":"https:\/\/kingarms.ee\/lv\/wp-json\/wp\/v2\/media?parent=140982"}],"wp:term":[{"taxonomy":"product_brand","embeddable":true,"href":"https:\/\/kingarms.ee\/lv\/wp-json\/wp\/v2\/product_brand?post=140982"},{"taxonomy":"product_cat","embeddable":true,"href":"https:\/\/kingarms.ee\/lv\/wp-json\/wp\/v2\/product_cat?post=140982"},{"taxonomy":"product_tag","embeddable":true,"href":"https:\/\/kingarms.ee\/lv\/wp-json\/wp\/v2\/product_tag?post=140982"}],"curies":[{"name":"wp","href":"https:\/\/api.w.org\/{rel}","templated":true}]}}