{"id":140992,"date":"2024-12-06T16:38:08","date_gmt":"2024-12-09T08:28:16","guid":{"rendered":"https:\/\/kingarms.ee\/product\/dekorativais-zobens-zs697\/"},"modified":"2025-08-02T16:29:36","modified_gmt":"2025-08-02T13:29:36","slug":"dekorativais-varda-zs697","status":"publish","type":"product","link":"https:\/\/kingarms.ee\/lv\/product\/dekorativais-varda-zs697\/","title":{"rendered":"Dekorat\u012bvais zobens (ZS697)"},"content":{"rendered":"<p>Dekorat\u012bvais zobens (ZS697)<\/p>\n<p>Dekorat\u012bvais zobens<br \/>\nIedvesmojoties no Godriga Grifindora zobena<br \/>\nHarija Potera s\u0113rija<br \/>\nT\u0113rauda asmens<br \/>\nMet\u0101la aizsargs un poga<br \/>\nMet\u0101la rokturis<br \/>\nKoka apvalks<br \/>\nKop\u0113jais garums 865 mm (920 mm ar apvalku)<br \/>\nAsmens garums 680mm<br \/>\nSvars 395G (620 g ar apvalku)<\/p>\n<p>Neass un nav asin\u0101ts asmens, tikai dekorat\u012bviem nol\u016bkiem<br \/>\nL\u016bdzu, pirms pirk\u0161anas p\u0101rbaudiet savas valsts regul\u0113jumu<\/p>\n","protected":false},"excerpt":{"rendered":"<p>Dekorat\u012bvais zobens (ZS697) Dekorat\u012bvais zobens Iedvesmojoties no Godriga Grifindora zobena Harija Potera s\u0113rija T\u0113rauda asmens Met\u0101la aizsargs un poga Met\u0101la<\/p>\n","protected":false},"featured_media":139686,"template":"","meta":{"_acf_changed":false},"product_brand":[],"product_cat":[1105,1311],"product_tag":[],"class_list":{"0":"post-140992","1":"product","2":"type-product","3":"status-publish","4":"has-post-thumbnail","6":"product_cat-cits","7":"product_cat-zobeni","9":"first","10":"instock","11":"purchasable","12":"product-type-simple"},"acf":[],"_links":{"self":[{"href":"https:\/\/kingarms.ee\/lv\/wp-json\/wp\/v2\/product\/140992","targetHints":{"allow":["GET"]}}],"collection":[{"href":"https:\/\/kingarms.ee\/lv\/wp-json\/wp\/v2\/product"}],"about":[{"href":"https:\/\/kingarms.ee\/lv\/wp-json\/wp\/v2\/types\/product"}],"wp:featuredmedia":[{"embeddable":true,"href":"https:\/\/kingarms.ee\/lv\/wp-json\/wp\/v2\/media\/139686"}],"wp:attachment":[{"href":"https:\/\/kingarms.ee\/lv\/wp-json\/wp\/v2\/media?parent=140992"}],"wp:term":[{"taxonomy":"product_brand","embeddable":true,"href":"https:\/\/kingarms.ee\/lv\/wp-json\/wp\/v2\/product_brand?post=140992"},{"taxonomy":"product_cat","embeddable":true,"href":"https:\/\/kingarms.ee\/lv\/wp-json\/wp\/v2\/product_cat?post=140992"},{"taxonomy":"product_tag","embeddable":true,"href":"https:\/\/kingarms.ee\/lv\/wp-json\/wp\/v2\/product_tag?post=140992"}],"curies":[{"name":"wp","href":"https:\/\/api.w.org\/{rel}","templated":true}]}}