{"id":141016,"date":"2024-12-06T16:38:08","date_gmt":"2024-12-09T08:28:20","guid":{"rendered":"https:\/\/kingarms.ee\/product\/dekorativais-zobens-zs6038gt\/"},"modified":"2025-08-02T16:31:16","modified_gmt":"2025-08-02T13:31:16","slug":"dekorativais-word-zs6038gt","status":"publish","type":"product","link":"https:\/\/kingarms.ee\/lv\/product\/dekorativais-word-zs6038gt\/","title":{"rendered":"Dekorat\u012bvais zobens (ZS6038GT)"},"content":{"rendered":"<p>Dekorat\u012bvais zobens (ZS6038GT)<\/p>\n<p>Dekorat\u012bvais zobens<br \/>\nIedvesmots no tradicion\u0101l\u0101s Tang dinastijas zobena<br \/>\nT\u0113rauda asmens<br \/>\nKoka apvalks<br \/>\nKoka un met\u0101la rokturis<br \/>\nMet\u0101la aizsargs un poga<br \/>\nAsmens garums 690mm<br \/>\nKop\u0113jais garums 1050 mm (1100 mm ar apvalku)<br \/>\nSvars 1870g (2060 g ar apvalku)<\/p>\n<p>Neass un nav asin\u0101ts asmens, tikai dekorat\u012bviem nol\u016bkiem<br \/>\nL\u016bdzu, pirms pirk\u0161anas p\u0101rbaudiet savas valsts regul\u0113jumu<\/p>\n","protected":false},"excerpt":{"rendered":"<p>Dekorat\u012bvais zobens (ZS6038GT) Dekorat\u012bvais zobens Iedvesmots no tradicion\u0101l\u0101s Tang dinastijas zobena T\u0113rauda asmens Koka apvalks Koka un met\u0101la rokturis Met\u0101la<\/p>\n","protected":false},"featured_media":139872,"template":"","meta":{"_acf_changed":false},"product_brand":[],"product_cat":[1105,1311],"product_tag":[],"class_list":{"0":"post-141016","1":"product","2":"type-product","3":"status-publish","4":"has-post-thumbnail","6":"product_cat-cits","7":"product_cat-zobeni","9":"first","10":"instock","11":"purchasable","12":"product-type-simple"},"acf":[],"_links":{"self":[{"href":"https:\/\/kingarms.ee\/lv\/wp-json\/wp\/v2\/product\/141016","targetHints":{"allow":["GET"]}}],"collection":[{"href":"https:\/\/kingarms.ee\/lv\/wp-json\/wp\/v2\/product"}],"about":[{"href":"https:\/\/kingarms.ee\/lv\/wp-json\/wp\/v2\/types\/product"}],"wp:featuredmedia":[{"embeddable":true,"href":"https:\/\/kingarms.ee\/lv\/wp-json\/wp\/v2\/media\/139872"}],"wp:attachment":[{"href":"https:\/\/kingarms.ee\/lv\/wp-json\/wp\/v2\/media?parent=141016"}],"wp:term":[{"taxonomy":"product_brand","embeddable":true,"href":"https:\/\/kingarms.ee\/lv\/wp-json\/wp\/v2\/product_brand?post=141016"},{"taxonomy":"product_cat","embeddable":true,"href":"https:\/\/kingarms.ee\/lv\/wp-json\/wp\/v2\/product_cat?post=141016"},{"taxonomy":"product_tag","embeddable":true,"href":"https:\/\/kingarms.ee\/lv\/wp-json\/wp\/v2\/product_tag?post=141016"}],"curies":[{"name":"wp","href":"https:\/\/api.w.org\/{rel}","templated":true}]}}