{"id":141030,"date":"2024-12-06T16:38:08","date_gmt":"2024-12-09T08:40:52","guid":{"rendered":"https:\/\/kingarms.ee\/product\/dekorativais-zobens-zs683-2\/"},"modified":"2025-08-02T16:32:03","modified_gmt":"2025-08-02T13:32:03","slug":"dekorativais-sword-zs683-2","status":"publish","type":"product","link":"https:\/\/kingarms.ee\/lv\/product\/dekorativais-sword-zs683-2\/","title":{"rendered":"Dekorat\u012bvais zobens (ZS683-2)"},"content":{"rendered":"<p>Dekorat\u012bvais zobens (ZS683-2)<\/p>\n<p>Dekorat\u012bvais zobens<br \/>\nIedvesmojoties no &#8220;Pirate King&#8221; Gol D. Rod\u017eera ace cutlass<br \/>\nViengabala serie<br \/>\nT\u0113rauda asmens<br \/>\nMet\u0101la aizsargs un poga<br \/>\nKoka apvalks un rokturis<br \/>\nAsmens garums 645 mm<br \/>\nKop\u0113jais garums 930 mm (1010 mm ar apvalku)<br \/>\nSvars 1075G (1335G ar apvalku)<\/p>\n<p>Neass un nav asin\u0101ts asmens, tikai dekorat\u012bviem nol\u016bkiem<br \/>\nL\u016bdzu, pirms pirk\u0161anas p\u0101rbaudiet savas valsts regul\u0113jumu<\/p>\n","protected":false},"excerpt":{"rendered":"<p>Dekorat\u012bvais zobens (ZS683-2) Dekorat\u012bvais zobens Iedvesmojoties no &#8220;Pirate King&#8221; Gol D. Rod\u017eera ace cutlass Viengabala serie T\u0113rauda asmens Met\u0101la aizsargs<\/p>\n","protected":false},"featured_media":139644,"template":"","meta":{"_acf_changed":false},"product_brand":[],"product_cat":[1105,1311],"product_tag":[],"class_list":{"0":"post-141030","1":"product","2":"type-product","3":"status-publish","4":"has-post-thumbnail","6":"product_cat-cits","7":"product_cat-zobeni","9":"first","10":"instock","11":"purchasable","12":"product-type-simple"},"acf":[],"_links":{"self":[{"href":"https:\/\/kingarms.ee\/lv\/wp-json\/wp\/v2\/product\/141030","targetHints":{"allow":["GET"]}}],"collection":[{"href":"https:\/\/kingarms.ee\/lv\/wp-json\/wp\/v2\/product"}],"about":[{"href":"https:\/\/kingarms.ee\/lv\/wp-json\/wp\/v2\/types\/product"}],"wp:featuredmedia":[{"embeddable":true,"href":"https:\/\/kingarms.ee\/lv\/wp-json\/wp\/v2\/media\/139644"}],"wp:attachment":[{"href":"https:\/\/kingarms.ee\/lv\/wp-json\/wp\/v2\/media?parent=141030"}],"wp:term":[{"taxonomy":"product_brand","embeddable":true,"href":"https:\/\/kingarms.ee\/lv\/wp-json\/wp\/v2\/product_brand?post=141030"},{"taxonomy":"product_cat","embeddable":true,"href":"https:\/\/kingarms.ee\/lv\/wp-json\/wp\/v2\/product_cat?post=141030"},{"taxonomy":"product_tag","embeddable":true,"href":"https:\/\/kingarms.ee\/lv\/wp-json\/wp\/v2\/product_tag?post=141030"}],"curies":[{"name":"wp","href":"https:\/\/api.w.org\/{rel}","templated":true}]}}