{"id":141040,"date":"2024-12-06T16:38:08","date_gmt":"2024-12-09T08:40:54","guid":{"rendered":"https:\/\/kingarms.ee\/product\/dekorativais-zobens-zs694\/"},"modified":"2025-08-02T16:34:24","modified_gmt":"2025-08-02T13:34:24","slug":"dekorativais-sword-zs694","status":"publish","type":"product","link":"https:\/\/kingarms.ee\/lv\/product\/dekorativais-sword-zs694\/","title":{"rendered":"Dekorat\u012bvais zobens (ZS694)"},"content":{"rendered":"<p>Dekorat\u012bvais zobens (ZS694)<\/p>\n<p>Dekorat\u012bvais zobens<br \/>\nIedvesmojoties no Link&#8217;s Blue Master Sword<br \/>\nZelda Serie<br \/>\nT\u0113rauda asmens<br \/>\n\u0100das p\u0101rkl\u0101ts koka apvalks<br \/>\nMet\u0101la aizsargs un poga<br \/>\nKop\u0113jais garums 1000 mm (1090 mm ar apvalku)<br \/>\nAsmens garums 680mm<br \/>\nSvars 1240G (1850G ar apvalku)<\/p>\n<p>Neass un nav asin\u0101ts asmens, tikai dekorat\u012bviem nol\u016bkiem<br \/>\nL\u016bdzu, pirms pirk\u0161anas p\u0101rbaudiet savas valsts regul\u0113jumu<\/p>\n","protected":false},"excerpt":{"rendered":"<p>Dekorat\u012bvais zobens (ZS694) Dekorat\u012bvais zobens Iedvesmojoties no Link&#8217;s Blue Master Sword Zelda Serie T\u0113rauda asmens \u0100das p\u0101rkl\u0101ts koka apvalks Met\u0101la<\/p>\n","protected":false},"featured_media":139674,"template":"","meta":{"_acf_changed":false},"product_brand":[],"product_cat":[1105,1311],"product_tag":[],"class_list":{"0":"post-141040","1":"product","2":"type-product","3":"status-publish","4":"has-post-thumbnail","6":"product_cat-cits","7":"product_cat-zobeni","9":"first","10":"instock","11":"purchasable","12":"product-type-simple"},"acf":[],"_links":{"self":[{"href":"https:\/\/kingarms.ee\/lv\/wp-json\/wp\/v2\/product\/141040","targetHints":{"allow":["GET"]}}],"collection":[{"href":"https:\/\/kingarms.ee\/lv\/wp-json\/wp\/v2\/product"}],"about":[{"href":"https:\/\/kingarms.ee\/lv\/wp-json\/wp\/v2\/types\/product"}],"wp:featuredmedia":[{"embeddable":true,"href":"https:\/\/kingarms.ee\/lv\/wp-json\/wp\/v2\/media\/139674"}],"wp:attachment":[{"href":"https:\/\/kingarms.ee\/lv\/wp-json\/wp\/v2\/media?parent=141040"}],"wp:term":[{"taxonomy":"product_brand","embeddable":true,"href":"https:\/\/kingarms.ee\/lv\/wp-json\/wp\/v2\/product_brand?post=141040"},{"taxonomy":"product_cat","embeddable":true,"href":"https:\/\/kingarms.ee\/lv\/wp-json\/wp\/v2\/product_cat?post=141040"},{"taxonomy":"product_tag","embeddable":true,"href":"https:\/\/kingarms.ee\/lv\/wp-json\/wp\/v2\/product_tag?post=141040"}],"curies":[{"name":"wp","href":"https:\/\/api.w.org\/{rel}","templated":true}]}}