{"id":141054,"date":"2024-12-06T16:37:47","date_gmt":"2024-12-09T08:40:56","guid":{"rendered":"https:\/\/kingarms.ee\/product\/dekorativais-zobens-by-147c\/"},"modified":"2025-08-02T16:41:55","modified_gmt":"2025-08-02T13:41:55","slug":"ornamental-sword-by-147c","status":"publish","type":"product","link":"https:\/\/kingarms.ee\/lv\/product\/ornamental-sword-by-147c\/","title":{"rendered":"Dekorat\u012bvais zobens (BY-147C)"},"content":{"rendered":"<p>Dekorat\u012bvais zobens (BY-147C)<\/p>\n<p>Dekorat\u012bvais zobens<br \/>\nIedvesmojoties no Sangheili 1. tipa ener\u0123ijas zobena zil\u0101 kr\u0101s\u0101<br \/>\nHalo s\u0113rija<br \/>\nT\u0113rauda asme\u0146i<br \/>\nPlastmasas rokturis<br \/>\nWodden sienas stat\u012bva ir iek\u013cauta<br \/>\nAsmens garums 570mm<br \/>\nKop\u0113jais garums 680mm<br \/>\nSvars 1025G<\/p>\n<p>Neass un nav asin\u0101ts asmens, tikai dekorat\u012bviem nol\u016bkiem<br \/>\nL\u016bdzu, pirms pirk\u0161anas p\u0101rbaudiet savas valsts regul\u0113jumu<\/p>\n","protected":false},"excerpt":{"rendered":"<p>Dekorat\u012bvais zobens (BY-147C) Dekorat\u012bvais zobens Iedvesmojoties no Sangheili 1. tipa ener\u0123ijas zobena zil\u0101 kr\u0101s\u0101 Halo s\u0113rija T\u0113rauda asme\u0146i Plastmasas rokturis<\/p>\n","protected":false},"featured_media":138924,"template":"","meta":{"_acf_changed":false},"product_brand":[],"product_cat":[1105,1311],"product_tag":[],"class_list":{"0":"post-141054","1":"product","2":"type-product","3":"status-publish","4":"has-post-thumbnail","6":"product_cat-cits","7":"product_cat-zobeni","9":"first","10":"instock","11":"purchasable","12":"product-type-simple"},"acf":[],"_links":{"self":[{"href":"https:\/\/kingarms.ee\/lv\/wp-json\/wp\/v2\/product\/141054","targetHints":{"allow":["GET"]}}],"collection":[{"href":"https:\/\/kingarms.ee\/lv\/wp-json\/wp\/v2\/product"}],"about":[{"href":"https:\/\/kingarms.ee\/lv\/wp-json\/wp\/v2\/types\/product"}],"wp:featuredmedia":[{"embeddable":true,"href":"https:\/\/kingarms.ee\/lv\/wp-json\/wp\/v2\/media\/138924"}],"wp:attachment":[{"href":"https:\/\/kingarms.ee\/lv\/wp-json\/wp\/v2\/media?parent=141054"}],"wp:term":[{"taxonomy":"product_brand","embeddable":true,"href":"https:\/\/kingarms.ee\/lv\/wp-json\/wp\/v2\/product_brand?post=141054"},{"taxonomy":"product_cat","embeddable":true,"href":"https:\/\/kingarms.ee\/lv\/wp-json\/wp\/v2\/product_cat?post=141054"},{"taxonomy":"product_tag","embeddable":true,"href":"https:\/\/kingarms.ee\/lv\/wp-json\/wp\/v2\/product_tag?post=141054"}],"curies":[{"name":"wp","href":"https:\/\/api.w.org\/{rel}","templated":true}]}}