{"id":141058,"date":"2024-12-06T16:37:47","date_gmt":"2024-12-09T08:40:57","guid":{"rendered":"https:\/\/kingarms.ee\/product\/dekorativais-templara-duncis-zs213\/"},"modified":"2025-08-02T16:42:44","modified_gmt":"2025-08-02T13:42:44","slug":"dekorativa-templara-dager-zs213","status":"publish","type":"product","link":"https:\/\/kingarms.ee\/lv\/product\/dekorativa-templara-dager-zs213\/","title":{"rendered":"Dekorat\u012bvais templ\u0101ra duncis (ZS213)"},"content":{"rendered":"<p>Dekorat\u012bvais templ\u0101ra duncis (ZS213)<\/p>\n<p>Templ\u0101ra dekor\u0113t\u0101js<br \/>\nT\u0113rauda asmens<br \/>\nMet\u0101la un plastmasas kalna<br \/>\nKoka \u0161\u0137embas p\u0101rkl\u0101ts ar \u0101das un met\u0101la deta\u013c\u0101m<br \/>\nAsmens garums 245 mm<br \/>\nKop\u0113jais garums 385 mm (420 mm ar \u0137abi)<br \/>\nSvars 200g (300 g ar \u0137abi)<\/p>\n<p>Neass un nav asin\u0101ts asmens, tikai dekorat\u012bviem nol\u016bkiem<br \/>\nL\u016bdzu, pirms pirk\u0161anas p\u0101rbaudiet savas valsts regulu<\/p>\n","protected":false},"excerpt":{"rendered":"<p>Dekorat\u012bvais templ\u0101ra duncis (ZS213) Templ\u0101ra dekor\u0113t\u0101js T\u0113rauda asmens Met\u0101la un plastmasas kalna Koka \u0161\u0137embas p\u0101rkl\u0101ts ar \u0101das un met\u0101la deta\u013c\u0101m<\/p>\n","protected":false},"featured_media":139338,"template":"","meta":{"_acf_changed":false},"product_brand":[],"product_cat":[1105,1311],"product_tag":[],"class_list":{"0":"post-141058","1":"product","2":"type-product","3":"status-publish","4":"has-post-thumbnail","6":"product_cat-cits","7":"product_cat-zobeni","9":"first","10":"instock","11":"purchasable","12":"product-type-simple"},"acf":[],"_links":{"self":[{"href":"https:\/\/kingarms.ee\/lv\/wp-json\/wp\/v2\/product\/141058","targetHints":{"allow":["GET"]}}],"collection":[{"href":"https:\/\/kingarms.ee\/lv\/wp-json\/wp\/v2\/product"}],"about":[{"href":"https:\/\/kingarms.ee\/lv\/wp-json\/wp\/v2\/types\/product"}],"wp:featuredmedia":[{"embeddable":true,"href":"https:\/\/kingarms.ee\/lv\/wp-json\/wp\/v2\/media\/139338"}],"wp:attachment":[{"href":"https:\/\/kingarms.ee\/lv\/wp-json\/wp\/v2\/media?parent=141058"}],"wp:term":[{"taxonomy":"product_brand","embeddable":true,"href":"https:\/\/kingarms.ee\/lv\/wp-json\/wp\/v2\/product_brand?post=141058"},{"taxonomy":"product_cat","embeddable":true,"href":"https:\/\/kingarms.ee\/lv\/wp-json\/wp\/v2\/product_cat?post=141058"},{"taxonomy":"product_tag","embeddable":true,"href":"https:\/\/kingarms.ee\/lv\/wp-json\/wp\/v2\/product_tag?post=141058"}],"curies":[{"name":"wp","href":"https:\/\/api.w.org\/{rel}","templated":true}]}}