{"id":141071,"date":"2024-12-06T16:37:47","date_gmt":"2024-12-09T08:41:00","guid":{"rendered":"https:\/\/kingarms.ee\/product\/dekorativais-zobens-zs163\/"},"modified":"2025-08-02T16:45:15","modified_gmt":"2025-08-02T13:45:15","slug":"ornamental-sword-zs163","status":"publish","type":"product","link":"https:\/\/kingarms.ee\/lv\/product\/ornamental-sword-zs163\/","title":{"rendered":"Dekorat\u012bvais zobens (ZS163)"},"content":{"rendered":"<p>Dekorat\u012bvais zobens (ZS163)<\/p>\n<p>Dekorat\u012bvais zobens<br \/>\nIedvesmots no Nero sarkan\u0101s karalienes zobena<br \/>\nVelna May Cry s\u0113rija<br \/>\nT\u0113rauda asmens<br \/>\nPlastisk\u0101 aizsargs<br \/>\nMet\u0101la poga<br \/>\nKoka galda stends ir iek\u013cauts<br \/>\nAsmens garums 955 mm<br \/>\nKop\u0113jais garums 1260mm<br \/>\nSvars 1995g<\/p>\n<p>Neass un nav asin\u0101ts asmens, tikai dekorat\u012bviem nol\u016bkiem<br \/>\nL\u016bdzu, pirms pirk\u0161anas p\u0101rbaudiet savas valsts regul\u0113jumu<\/p>\n","protected":false},"excerpt":{"rendered":"<p>Dekorat\u012bvais zobens (ZS163) Dekorat\u012bvais zobens Iedvesmots no Nero sarkan\u0101s karalienes zobena Velna May Cry s\u0113rija T\u0113rauda asmens Plastisk\u0101 aizsargs Met\u0101la<\/p>\n","protected":false},"featured_media":139278,"template":"","meta":{"_acf_changed":false},"product_brand":[],"product_cat":[1105,1311],"product_tag":[],"class_list":{"0":"post-141071","1":"product","2":"type-product","3":"status-publish","4":"has-post-thumbnail","6":"product_cat-cits","7":"product_cat-zobeni","9":"first","10":"instock","11":"purchasable","12":"product-type-simple"},"acf":[],"_links":{"self":[{"href":"https:\/\/kingarms.ee\/lv\/wp-json\/wp\/v2\/product\/141071","targetHints":{"allow":["GET"]}}],"collection":[{"href":"https:\/\/kingarms.ee\/lv\/wp-json\/wp\/v2\/product"}],"about":[{"href":"https:\/\/kingarms.ee\/lv\/wp-json\/wp\/v2\/types\/product"}],"wp:featuredmedia":[{"embeddable":true,"href":"https:\/\/kingarms.ee\/lv\/wp-json\/wp\/v2\/media\/139278"}],"wp:attachment":[{"href":"https:\/\/kingarms.ee\/lv\/wp-json\/wp\/v2\/media?parent=141071"}],"wp:term":[{"taxonomy":"product_brand","embeddable":true,"href":"https:\/\/kingarms.ee\/lv\/wp-json\/wp\/v2\/product_brand?post=141071"},{"taxonomy":"product_cat","embeddable":true,"href":"https:\/\/kingarms.ee\/lv\/wp-json\/wp\/v2\/product_cat?post=141071"},{"taxonomy":"product_tag","embeddable":true,"href":"https:\/\/kingarms.ee\/lv\/wp-json\/wp\/v2\/product_tag?post=141071"}],"curies":[{"name":"wp","href":"https:\/\/api.w.org\/{rel}","templated":true}]}}