{"id":141078,"date":"2024-12-06T16:37:47","date_gmt":"2024-12-09T08:41:39","guid":{"rendered":"https:\/\/kingarms.ee\/product\/ornamentale-vairogs-zs197\/"},"modified":"2025-08-02T16:46:02","modified_gmt":"2025-08-02T13:46:02","slug":"ornamentale-shield-zs197","status":"publish","type":"product","link":"https:\/\/kingarms.ee\/lv\/product\/ornamentale-shield-zs197\/","title":{"rendered":"Ornamentale vairogs (ZS197)"},"content":{"rendered":"<p>Ornamentale vairogs (ZS197)<\/p>\n<p>Dekorat\u012bvais vairogs<br \/>\nIedvesmots no Link Hylian vairoga<br \/>\nZelda s\u0113rija<br \/>\nAizmugur\u0113jais rokturis<br \/>\nIzm\u0113ri 630mm x 455 mm<br \/>\nSvars 3,135G<\/p>\n","protected":false},"excerpt":{"rendered":"<p>Ornamentale vairogs (ZS197) Dekorat\u012bvais vairogs Iedvesmots no Link Hylian vairoga Zelda s\u0113rija Aizmugur\u0113jais rokturis Izm\u0113ri 630mm x 455 mm Svars<\/p>\n","protected":false},"featured_media":139308,"template":"","meta":{"_acf_changed":false},"product_brand":[],"product_cat":[1105,1311],"product_tag":[],"class_list":{"0":"post-141078","1":"product","2":"type-product","3":"status-publish","4":"has-post-thumbnail","6":"product_cat-cits","7":"product_cat-zobeni","9":"first","10":"instock","11":"purchasable","12":"product-type-simple"},"acf":[],"_links":{"self":[{"href":"https:\/\/kingarms.ee\/lv\/wp-json\/wp\/v2\/product\/141078","targetHints":{"allow":["GET"]}}],"collection":[{"href":"https:\/\/kingarms.ee\/lv\/wp-json\/wp\/v2\/product"}],"about":[{"href":"https:\/\/kingarms.ee\/lv\/wp-json\/wp\/v2\/types\/product"}],"wp:featuredmedia":[{"embeddable":true,"href":"https:\/\/kingarms.ee\/lv\/wp-json\/wp\/v2\/media\/139308"}],"wp:attachment":[{"href":"https:\/\/kingarms.ee\/lv\/wp-json\/wp\/v2\/media?parent=141078"}],"wp:term":[{"taxonomy":"product_brand","embeddable":true,"href":"https:\/\/kingarms.ee\/lv\/wp-json\/wp\/v2\/product_brand?post=141078"},{"taxonomy":"product_cat","embeddable":true,"href":"https:\/\/kingarms.ee\/lv\/wp-json\/wp\/v2\/product_cat?post=141078"},{"taxonomy":"product_tag","embeddable":true,"href":"https:\/\/kingarms.ee\/lv\/wp-json\/wp\/v2\/product_tag?post=141078"}],"curies":[{"name":"wp","href":"https:\/\/api.w.org\/{rel}","templated":true}]}}