{"id":141095,"date":"2024-12-06T16:38:30","date_gmt":"2024-12-09T09:07:45","guid":{"rendered":"https:\/\/kingarms.ee\/product\/sck-dekorativais-duncis-zs211-g\/"},"modified":"2025-08-02T16:16:43","modified_gmt":"2025-08-02T13:16:43","slug":"sck-ornamentals-dager-zs211-g","status":"publish","type":"product","link":"https:\/\/kingarms.ee\/lv\/product\/sck-ornamentals-dager-zs211-g\/","title":{"rendered":"SCK dekorat\u012bvais duncis (ZS211-G)"},"content":{"rendered":"<p>SCK dekorat\u012bvais duncis (ZS211-G)<\/p>\n<p>Dekursts<br \/>\nT\u0113rauda asmens 165 mm<br \/>\nPlastmasas rokturis<br \/>\nPlastmasas \u0137eblis<br \/>\nKop\u0113jais garums 265 mm (300 mm ar \u0137abi)<br \/>\nSvars 130 g (210 g ar \u0137abi)<br \/>\nSarkan\u0101\/zelta kr\u0101sa<\/p>\n<p>Pieejams ar\u012b koka\/sudraba kr\u0101s\u0101<\/p>\n<p>Neass un nav asin\u0101ts asmens, tikai dekorat\u012bviem nol\u016bkiem<br \/>\nL\u016bdzu, pirms pirk\u0161anas p\u0101rbaudiet savas valsts regul\u0113jumu<\/p>\n","protected":false},"excerpt":{"rendered":"<p>SCK dekorat\u012bvais duncis (ZS211-G) Dekursts T\u0113rauda asmens 165 mm Plastmasas rokturis Plastmasas \u0137eblis Kop\u0113jais garums 265 mm (300 mm ar<\/p>\n","protected":false},"featured_media":139326,"template":"","meta":{"_acf_changed":false},"product_brand":[],"product_cat":[1105,1311],"product_tag":[],"class_list":{"0":"post-141095","1":"product","2":"type-product","3":"status-publish","4":"has-post-thumbnail","6":"product_cat-cits","7":"product_cat-zobeni","9":"first","10":"instock","11":"purchasable","12":"product-type-simple"},"acf":[],"_links":{"self":[{"href":"https:\/\/kingarms.ee\/lv\/wp-json\/wp\/v2\/product\/141095","targetHints":{"allow":["GET"]}}],"collection":[{"href":"https:\/\/kingarms.ee\/lv\/wp-json\/wp\/v2\/product"}],"about":[{"href":"https:\/\/kingarms.ee\/lv\/wp-json\/wp\/v2\/types\/product"}],"wp:featuredmedia":[{"embeddable":true,"href":"https:\/\/kingarms.ee\/lv\/wp-json\/wp\/v2\/media\/139326"}],"wp:attachment":[{"href":"https:\/\/kingarms.ee\/lv\/wp-json\/wp\/v2\/media?parent=141095"}],"wp:term":[{"taxonomy":"product_brand","embeddable":true,"href":"https:\/\/kingarms.ee\/lv\/wp-json\/wp\/v2\/product_brand?post=141095"},{"taxonomy":"product_cat","embeddable":true,"href":"https:\/\/kingarms.ee\/lv\/wp-json\/wp\/v2\/product_cat?post=141095"},{"taxonomy":"product_tag","embeddable":true,"href":"https:\/\/kingarms.ee\/lv\/wp-json\/wp\/v2\/product_tag?post=141095"}],"curies":[{"name":"wp","href":"https:\/\/api.w.org\/{rel}","templated":true}]}}